{"id":96,"date":"2021-05-31T20:10:26","date_gmt":"2021-05-31T18:10:26","guid":{"rendered":"https:\/\/turvallisuustieteellinenyhdistys.fi\/?page_id=96"},"modified":"2021-05-31T20:10:26","modified_gmt":"2021-05-31T18:10:26","slug":"oikeus-turvallisuuteen-perusturvallisuuden-elementtien-tarkastelua-1990","status":"publish","type":"page","link":"https:\/\/turvallisuustieteellinenyhdistys.fi\/index.php\/oikeus-turvallisuuteen-perusturvallisuuden-elementtien-tarkastelua-1990\/","title":{"rendered":"Oikeus turvallisuuteen \u2013 Perusturvallisuuden elementtien tarkastelua (1990)"},"content":{"rendered":"\n<p>&nbsp;&nbsp;&nbsp;&nbsp;&nbsp;&nbsp;&nbsp;&nbsp;&nbsp;&nbsp;&nbsp; Pentti Airas: Johdanto<\/p>\n\n\n\n<p>&nbsp;&nbsp;&nbsp;&nbsp;&nbsp;&nbsp;&nbsp;&nbsp;&nbsp;&nbsp;&nbsp; Vappu Viemer\u00f6: Television merkityksest\u00e4 aikamme lapselle ja nuorelle<\/p>\n\n\n\n<p>&nbsp;&nbsp;&nbsp;&nbsp;&nbsp;&nbsp;&nbsp;&nbsp;&nbsp;&nbsp;&nbsp; Vappu Viemer\u00f6: Kouluv\u00e4kivalta ja yksil\u00f6n turvallisuuskysymys<\/p>\n\n\n\n<p>&nbsp;&nbsp;&nbsp;&nbsp;&nbsp;&nbsp;&nbsp;&nbsp;&nbsp;&nbsp;&nbsp; Heikki Ylikangas: V\u00e4kivaltarikollisuus Suomen historiassa<\/p>\n\n\n\n<p>&nbsp;&nbsp;&nbsp;&nbsp;&nbsp;&nbsp;&nbsp;&nbsp;&nbsp;&nbsp;&nbsp; Kauko Sipponen: Yhteis\u00f6n turvallisuus kansalaisen turvallisuuden ehtona<\/p>\n\n\n\n<p>&nbsp;&nbsp;&nbsp;&nbsp;&nbsp;&nbsp;&nbsp;&nbsp;&nbsp;&nbsp;&nbsp; Timo K\u00f6kk\u00f6: Maan turvallisuus ja kristilliset tulkinnat<\/p>\n\n\n\n<p>&nbsp;&nbsp;&nbsp;&nbsp;&nbsp;&nbsp;&nbsp;&nbsp;&nbsp;&nbsp;&nbsp; Pekka Visuri: Saksan kysymys muuttuvassa Euroopassa<\/p>\n\n\n\n<p>&nbsp;&nbsp;&nbsp;&nbsp;&nbsp;&nbsp;&nbsp;&nbsp;&nbsp;&nbsp;&nbsp; Dag Anckar: Tieteen hyv\u00e4ksik\u00e4ytt\u00f6 poliittisessa p\u00e4\u00e4t\u00f6ksenteossa<\/p>\n\n\n\n<p>\u00a0\u00a0\u00a0\u00a0\u00a0\u00a0\u00a0\u00a0\u00a0\u00a0\u00a0 Olavi Kopponen: Ajatuksia Wilhelm Langen selvityksest\u00e4 \u2019Zur partnerschaft verpflichtet\u2019<\/p>\n","protected":false},"excerpt":{"rendered":"<p>&nbsp;&nbsp;&nbsp;&nbsp;&nbsp;&nbsp;&nbsp;&nbsp;&nbsp;&nbsp;&nbsp; Pentti Airas: Johdanto &nbsp;&nbsp;&nbsp;&nbsp;&nbsp;&nbsp;&nbsp;&nbsp;&nbsp;&nbsp;&nbsp; Vappu Viemer\u00f6: Television merkityksest\u00e4 aikamme lapselle ja nuorelle &nbsp;&nbsp;&nbsp;&nbsp;&nbsp;&nbsp;&nbsp;&nbsp;&nbsp;&nbsp;&nbsp; Vappu Viemer\u00f6: Kouluv\u00e4kivalta ja yksil\u00f6n turvallisuuskysymys &nbsp;&nbsp;&nbsp;&nbsp;&nbsp;&nbsp;&nbsp;&nbsp;&nbsp;&nbsp;&nbsp; Heikki Ylikangas: V\u00e4kivaltarikollisuus Suomen historiassa &nbsp;&nbsp;&nbsp;&nbsp;&nbsp;&nbsp;&nbsp;&nbsp;&nbsp;&nbsp;&nbsp; Kauko Sipponen: Yhteis\u00f6n turvallisuus kansalaisen turvallisuuden ehtona &nbsp;&nbsp;&nbsp;&nbsp;&nbsp;&nbsp;&nbsp;&nbsp;&nbsp;&nbsp;&nbsp; Timo K\u00f6kk\u00f6: Maan turvallisuus ja kristilliset tulkinnat &nbsp;&nbsp;&nbsp;&nbsp;&nbsp;&nbsp;&nbsp;&nbsp;&nbsp;&nbsp;&nbsp; Pekka Visuri: Saksan kysymys muuttuvassa Euroopassa &nbsp;&nbsp;&nbsp;&nbsp;&nbsp;&nbsp;&nbsp;&nbsp;&nbsp;&nbsp;&nbsp; Dag Anckar: Tieteen hyv\u00e4ksik\u00e4ytt\u00f6 poliittisessa [&hellip;]<\/p>\n","protected":false},"author":1,"featured_media":0,"parent":0,"menu_order":0,"comment_status":"closed","ping_status":"closed","template":"","meta":{"footnotes":""},"class_list":["post-96","page","type-page","status-publish","hentry"],"_links":{"self":[{"href":"https:\/\/turvallisuustieteellinenyhdistys.fi\/index.php\/wp-json\/wp\/v2\/pages\/96","targetHints":{"allow":["GET"]}}],"collection":[{"href":"https:\/\/turvallisuustieteellinenyhdistys.fi\/index.php\/wp-json\/wp\/v2\/pages"}],"about":[{"href":"https:\/\/turvallisuustieteellinenyhdistys.fi\/index.php\/wp-json\/wp\/v2\/types\/page"}],"author":[{"embeddable":true,"href":"https:\/\/turvallisuustieteellinenyhdistys.fi\/index.php\/wp-json\/wp\/v2\/users\/1"}],"replies":[{"embeddable":true,"href":"https:\/\/turvallisuustieteellinenyhdistys.fi\/index.php\/wp-json\/wp\/v2\/comments?post=96"}],"version-history":[{"count":1,"href":"https:\/\/turvallisuustieteellinenyhdistys.fi\/index.php\/wp-json\/wp\/v2\/pages\/96\/revisions"}],"predecessor-version":[{"id":98,"href":"https:\/\/turvallisuustieteellinenyhdistys.fi\/index.php\/wp-json\/wp\/v2\/pages\/96\/revisions\/98"}],"wp:attachment":[{"href":"https:\/\/turvallisuustieteellinenyhdistys.fi\/index.php\/wp-json\/wp\/v2\/media?parent=96"}],"curies":[{"name":"wp","href":"https:\/\/api.w.org\/{rel}","templated":true}]}}