{"id":90,"date":"2021-05-31T20:07:10","date_gmt":"2021-05-31T18:07:10","guid":{"rendered":"https:\/\/turvallisuustieteellinenyhdistys.fi\/?page_id=90"},"modified":"2021-05-31T20:07:10","modified_gmt":"2021-05-31T18:07:10","slug":"puolustustahdon-synty-1993","status":"publish","type":"page","link":"https:\/\/turvallisuustieteellinenyhdistys.fi\/index.php\/puolustustahdon-synty-1993\/","title":{"rendered":"Puolustustahdon synty (1993)"},"content":{"rendered":"\n<p>&nbsp;&nbsp;&nbsp;&nbsp;&nbsp;&nbsp;&nbsp;&nbsp;&nbsp;&nbsp;&nbsp; Pentti Airas: Johdanto<\/p>\n\n\n\n<p>&nbsp;&nbsp;&nbsp;&nbsp;&nbsp;&nbsp;&nbsp;&nbsp;&nbsp;&nbsp;&nbsp; U.E. Moisala: \u2019Kun hy\u00f6kk\u00e4\u00e4j\u00e4n tie suljettiin\u2019<\/p>\n\n\n\n<p>&nbsp;&nbsp;&nbsp;&nbsp;&nbsp;&nbsp;&nbsp;&nbsp;&nbsp;&nbsp;&nbsp; Kaarlo Hartiala: Is\u00e4nmaallisuus sotaan osallistumisen kannustimena<\/p>\n\n\n\n<p>&nbsp;&nbsp;&nbsp;&nbsp;&nbsp;&nbsp;&nbsp;&nbsp;&nbsp;&nbsp;&nbsp; Pentti Poukka: Sosiaali- ja yksil\u00f6etiikan vastakohtaisuuksista maanpuolustuksessa<\/p>\n\n\n\n<p>&nbsp;&nbsp;&nbsp;&nbsp;&nbsp;&nbsp;&nbsp;&nbsp;&nbsp;&nbsp;&nbsp; Kalervo Artema: Sotilaallisen kurin k\u00e4sitteest\u00e4<\/p>\n\n\n\n<p>&nbsp;&nbsp;&nbsp;&nbsp;&nbsp;&nbsp;&nbsp;&nbsp;&nbsp;&nbsp;&nbsp; Heikki Nikunen: Ilmavoimat turvallisuuspolitiikkamme tukena<\/p>\n\n\n\n<p>&nbsp;&nbsp;&nbsp;&nbsp;&nbsp;&nbsp;&nbsp;&nbsp;&nbsp;&nbsp;&nbsp; Aira Kemil\u00e4inen: Nationalismi, kansallistunne-kansallisuusaate-kansallisvaltio<\/p>\n\n\n\n<p>&nbsp;&nbsp;&nbsp;&nbsp;&nbsp;&nbsp;&nbsp;&nbsp;&nbsp;&nbsp;&nbsp; Kari Vitie: Monikansallinen valtio Jugoslavia<\/p>\n","protected":false},"excerpt":{"rendered":"<p>&nbsp;&nbsp;&nbsp;&nbsp;&nbsp;&nbsp;&nbsp;&nbsp;&nbsp;&nbsp;&nbsp; Pentti Airas: Johdanto &nbsp;&nbsp;&nbsp;&nbsp;&nbsp;&nbsp;&nbsp;&nbsp;&nbsp;&nbsp;&nbsp; U.E. Moisala: \u2019Kun hy\u00f6kk\u00e4\u00e4j\u00e4n tie suljettiin\u2019 &nbsp;&nbsp;&nbsp;&nbsp;&nbsp;&nbsp;&nbsp;&nbsp;&nbsp;&nbsp;&nbsp; Kaarlo Hartiala: Is\u00e4nmaallisuus sotaan osallistumisen kannustimena &nbsp;&nbsp;&nbsp;&nbsp;&nbsp;&nbsp;&nbsp;&nbsp;&nbsp;&nbsp;&nbsp; Pentti Poukka: Sosiaali- ja yksil\u00f6etiikan vastakohtaisuuksista maanpuolustuksessa &nbsp;&nbsp;&nbsp;&nbsp;&nbsp;&nbsp;&nbsp;&nbsp;&nbsp;&nbsp;&nbsp; Kalervo Artema: Sotilaallisen kurin k\u00e4sitteest\u00e4 &nbsp;&nbsp;&nbsp;&nbsp;&nbsp;&nbsp;&nbsp;&nbsp;&nbsp;&nbsp;&nbsp; Heikki Nikunen: Ilmavoimat turvallisuuspolitiikkamme tukena &nbsp;&nbsp;&nbsp;&nbsp;&nbsp;&nbsp;&nbsp;&nbsp;&nbsp;&nbsp;&nbsp; Aira Kemil\u00e4inen: Nationalismi, kansallistunne-kansallisuusaate-kansallisvaltio &nbsp;&nbsp;&nbsp;&nbsp;&nbsp;&nbsp;&nbsp;&nbsp;&nbsp;&nbsp;&nbsp; Kari Vitie: Monikansallinen valtio Jugoslavia<\/p>\n","protected":false},"author":1,"featured_media":0,"parent":0,"menu_order":0,"comment_status":"closed","ping_status":"closed","template":"","meta":{"footnotes":""},"class_list":["post-90","page","type-page","status-publish","hentry"],"_links":{"self":[{"href":"https:\/\/turvallisuustieteellinenyhdistys.fi\/index.php\/wp-json\/wp\/v2\/pages\/90","targetHints":{"allow":["GET"]}}],"collection":[{"href":"https:\/\/turvallisuustieteellinenyhdistys.fi\/index.php\/wp-json\/wp\/v2\/pages"}],"about":[{"href":"https:\/\/turvallisuustieteellinenyhdistys.fi\/index.php\/wp-json\/wp\/v2\/types\/page"}],"author":[{"embeddable":true,"href":"https:\/\/turvallisuustieteellinenyhdistys.fi\/index.php\/wp-json\/wp\/v2\/users\/1"}],"replies":[{"embeddable":true,"href":"https:\/\/turvallisuustieteellinenyhdistys.fi\/index.php\/wp-json\/wp\/v2\/comments?post=90"}],"version-history":[{"count":1,"href":"https:\/\/turvallisuustieteellinenyhdistys.fi\/index.php\/wp-json\/wp\/v2\/pages\/90\/revisions"}],"predecessor-version":[{"id":92,"href":"https:\/\/turvallisuustieteellinenyhdistys.fi\/index.php\/wp-json\/wp\/v2\/pages\/90\/revisions\/92"}],"wp:attachment":[{"href":"https:\/\/turvallisuustieteellinenyhdistys.fi\/index.php\/wp-json\/wp\/v2\/media?parent=90"}],"curies":[{"name":"wp","href":"https:\/\/api.w.org\/{rel}","templated":true}]}}