{"id":76,"date":"2021-05-21T01:15:38","date_gmt":"2021-05-20T23:15:38","guid":{"rendered":"https:\/\/turvallisuustieteellinenyhdistys.fi\/?page_id=76"},"modified":"2021-05-21T01:30:32","modified_gmt":"2021-05-20T23:30:32","slug":"valtion-ja-kansalaisen-turvallisuudesta-2009","status":"publish","type":"page","link":"https:\/\/turvallisuustieteellinenyhdistys.fi\/index.php\/valtion-ja-kansalaisen-turvallisuudesta-2009\/","title":{"rendered":"Valtion ja kansalaisen turvallisuudesta (2009)"},"content":{"rendered":"\n<pre class=\"wp-block-code\"><code>Erkki Asp: Onko maamme viel\u00e4 turvallinen?\nKai Johansson: Tutkimustoiminnasta\nTarja Halonen: Suomen turvallisuuspolitiikan ajankohtaisista kysymyksist\u00e4\nKirsti Lintonen: Miten YK on onnistunut turvallisuusteht\u00e4v\u00e4ss\u00e4\u00e4n \u2019Never again\u2019\nEsa Tarvainen: Yleinen asevelvollisuus vai palkka-armeija?\nKari Takanen: Meriliikenteen suojaaminen osana meriyhteyksien turvaamista\nHeikki Leimu: Turvallisuuspoliittisten asenteiden kehitys ja tutkimus Suomessa\n         1954 \u2013 2004 silm\u00e4ll\u00e4 pit\u00e4en maanpuolustustahtoa\nPauli J\u00e4rvenp\u00e4\u00e4: NATO \u2013 oppiva organisaatio\nIlkka Puukka: Valtapelit hallinnossa\n\nLuettelo: Turvallisuustieteellinen yhdistys ry:n tilaisuuksissa pidetyt esitelm\u00e4t\n         vuosina 2003 \u2013 2008<\/code><\/pre>\n","protected":false},"excerpt":{"rendered":"","protected":false},"author":1,"featured_media":0,"parent":0,"menu_order":0,"comment_status":"closed","ping_status":"closed","template":"","meta":{"footnotes":""},"class_list":["post-76","page","type-page","status-publish","hentry"],"_links":{"self":[{"href":"https:\/\/turvallisuustieteellinenyhdistys.fi\/index.php\/wp-json\/wp\/v2\/pages\/76","targetHints":{"allow":["GET"]}}],"collection":[{"href":"https:\/\/turvallisuustieteellinenyhdistys.fi\/index.php\/wp-json\/wp\/v2\/pages"}],"about":[{"href":"https:\/\/turvallisuustieteellinenyhdistys.fi\/index.php\/wp-json\/wp\/v2\/types\/page"}],"author":[{"embeddable":true,"href":"https:\/\/turvallisuustieteellinenyhdistys.fi\/index.php\/wp-json\/wp\/v2\/users\/1"}],"replies":[{"embeddable":true,"href":"https:\/\/turvallisuustieteellinenyhdistys.fi\/index.php\/wp-json\/wp\/v2\/comments?post=76"}],"version-history":[{"count":2,"href":"https:\/\/turvallisuustieteellinenyhdistys.fi\/index.php\/wp-json\/wp\/v2\/pages\/76\/revisions"}],"predecessor-version":[{"id":80,"href":"https:\/\/turvallisuustieteellinenyhdistys.fi\/index.php\/wp-json\/wp\/v2\/pages\/76\/revisions\/80"}],"wp:attachment":[{"href":"https:\/\/turvallisuustieteellinenyhdistys.fi\/index.php\/wp-json\/wp\/v2\/media?parent=76"}],"curies":[{"name":"wp","href":"https:\/\/api.w.org\/{rel}","templated":true}]}}