{"id":72,"date":"2021-05-21T01:13:06","date_gmt":"2021-05-20T23:13:06","guid":{"rendered":"https:\/\/turvallisuustieteellinenyhdistys.fi\/?page_id=72"},"modified":"2021-05-21T01:13:06","modified_gmt":"2021-05-20T23:13:06","slug":"kasvaminen-kansakunnaksi-1990","status":"publish","type":"page","link":"https:\/\/turvallisuustieteellinenyhdistys.fi\/index.php\/kasvaminen-kansakunnaksi-1990\/","title":{"rendered":"Kasvaminen kansakunnaksi (1990)"},"content":{"rendered":"\n<pre class=\"wp-block-code\"><code>50 vuotta Talvisodasta\nPoliittisten vaikuttajien ajatuksia Suomen turvallisuudesta ennen Talvisotaa\nPentti Airas: Edelt\u00e4nyt aika on kiinni miekan kahvassa\nAimo Oristo: Suomalainen identiteetti ja oikeudenmukaisuuskysymys\nVesa Vares: Lauri Ingman \u2013 esimerkki suomettarelaisesta turvallisuuspolitiikasta\nTimo Soikkanen: Yrj\u00f6 Ruutu \u2013 turvallisuuspoliittisten rintamalinjojen ylitt\u00e4j\u00e4,\n              teorian ja k\u00e4yt\u00e4nn\u00f6n yhdist\u00e4j\u00e4\nVesa Saarikoski: Aarne Sihvo ja kansallinen turvallisuus ensimm\u00e4isess\u00e4 tasavallassa\nPentti Ahvio: Suomen turvallisuus Artturi Leinosen n\u00e4k\u00f6kulmasta\nJouko Kivisaari: Maamme turvallisuuskysymys ja Akateeminen Karjala-Seura\nTimo Soikkanen: Mauri Ry\u00f6m\u00e4 ja vasemmistoradikaalien yll\u00e4tt\u00e4v\u00e4\n             turvallisuuspoliittinen linjanmuutos v. 1937 \u2013 38\nJaakko Paavolainen: V\u00e4in\u00f6 Tannerin turvallisuuspoliittisesta asenteesta\nOhto Manninen: Suomen turvallisuus Risto Rytin n\u00e4k\u00f6kulmasta\nJukka-Pekka Pieti\u00e4inen: Rudolf Holsti \u2013 Suomen Kansainliitto-politiikka<\/code><\/pre>\n","protected":false},"excerpt":{"rendered":"","protected":false},"author":1,"featured_media":0,"parent":0,"menu_order":0,"comment_status":"closed","ping_status":"closed","template":"","meta":{"footnotes":""},"class_list":["post-72","page","type-page","status-publish","hentry"],"_links":{"self":[{"href":"https:\/\/turvallisuustieteellinenyhdistys.fi\/index.php\/wp-json\/wp\/v2\/pages\/72","targetHints":{"allow":["GET"]}}],"collection":[{"href":"https:\/\/turvallisuustieteellinenyhdistys.fi\/index.php\/wp-json\/wp\/v2\/pages"}],"about":[{"href":"https:\/\/turvallisuustieteellinenyhdistys.fi\/index.php\/wp-json\/wp\/v2\/types\/page"}],"author":[{"embeddable":true,"href":"https:\/\/turvallisuustieteellinenyhdistys.fi\/index.php\/wp-json\/wp\/v2\/users\/1"}],"replies":[{"embeddable":true,"href":"https:\/\/turvallisuustieteellinenyhdistys.fi\/index.php\/wp-json\/wp\/v2\/comments?post=72"}],"version-history":[{"count":1,"href":"https:\/\/turvallisuustieteellinenyhdistys.fi\/index.php\/wp-json\/wp\/v2\/pages\/72\/revisions"}],"predecessor-version":[{"id":74,"href":"https:\/\/turvallisuustieteellinenyhdistys.fi\/index.php\/wp-json\/wp\/v2\/pages\/72\/revisions\/74"}],"wp:attachment":[{"href":"https:\/\/turvallisuustieteellinenyhdistys.fi\/index.php\/wp-json\/wp\/v2\/media?parent=72"}],"curies":[{"name":"wp","href":"https:\/\/api.w.org\/{rel}","templated":true}]}}