{"id":68,"date":"2021-05-21T01:10:11","date_gmt":"2021-05-20T23:10:11","guid":{"rendered":"https:\/\/turvallisuustieteellinenyhdistys.fi\/?page_id=68"},"modified":"2021-05-21T01:10:11","modified_gmt":"2021-05-20T23:10:11","slug":"kansainvalistyva-turvallisuus-2012","status":"publish","type":"page","link":"https:\/\/turvallisuustieteellinenyhdistys.fi\/index.php\/kansainvalistyva-turvallisuus-2012\/","title":{"rendered":"Kansainv\u00e4listyv\u00e4 turvallisuus (2012)"},"content":{"rendered":"\n<pre class=\"wp-block-code\"><code>Pekka M\u00e4nts\u00e4l\u00e4: Turvallisuus on jokaisen oikeus\nErkki Asp in memoriam\nErkki Asp: Onko maamme viel\u00e4 turvallinen?\nTuomo Hirvonen: Onko Gazassa toivoa rauhasta?\nPekka Hallberg: Oikeusvaltio maailman myllerryksess\u00e4\nMartti Ahtisaari: Kansainv\u00e4listen kriisien sovittelu\nVesa Tynkkynen: Maanpuolustuskorkeakoulu \u2013 sotatieteellinen yliopisto\nTapio Huttunen: Poikkeukselliset poliisitilanteet\nKari Tarvainen: Historian opetussuunnitelmat Ven\u00e4j\u00e4n identiteetin rakentajina\nKari Liuhto: Ven\u00e4j\u00e4n valtarakenteiden tulevaisuus\nMikko Uola: Petsamon suuri vakoilujuttu 1939\nTuomo Hirvonen: V\u00e4lirauhan vuosi\nSampo Ahto: Toisen maailmansodan k\u00e4\u00e4nnekohdat\nAnssi Lindgren:Yhteiskunnan huoltovarmuus\nBo \u00d6sterlund: Energiaturvallisuus ja huoltovarmuus\nAntero Uitto: Hanko toisessa maailmansodassa\nRisto Volanen: Mit\u00e4 joulun 2011 myrskyist\u00e4 opittiin?\nLauri Kiianlinna: Ven\u00e4j\u00e4n sotilaspoliittinen kehitys ja Suomi\nIlkka Kanerva: Puolustusvoimauudistus<\/code><\/pre>\n","protected":false},"excerpt":{"rendered":"","protected":false},"author":1,"featured_media":0,"parent":0,"menu_order":0,"comment_status":"closed","ping_status":"closed","template":"","meta":{"footnotes":""},"class_list":["post-68","page","type-page","status-publish","hentry"],"_links":{"self":[{"href":"https:\/\/turvallisuustieteellinenyhdistys.fi\/index.php\/wp-json\/wp\/v2\/pages\/68","targetHints":{"allow":["GET"]}}],"collection":[{"href":"https:\/\/turvallisuustieteellinenyhdistys.fi\/index.php\/wp-json\/wp\/v2\/pages"}],"about":[{"href":"https:\/\/turvallisuustieteellinenyhdistys.fi\/index.php\/wp-json\/wp\/v2\/types\/page"}],"author":[{"embeddable":true,"href":"https:\/\/turvallisuustieteellinenyhdistys.fi\/index.php\/wp-json\/wp\/v2\/users\/1"}],"replies":[{"embeddable":true,"href":"https:\/\/turvallisuustieteellinenyhdistys.fi\/index.php\/wp-json\/wp\/v2\/comments?post=68"}],"version-history":[{"count":1,"href":"https:\/\/turvallisuustieteellinenyhdistys.fi\/index.php\/wp-json\/wp\/v2\/pages\/68\/revisions"}],"predecessor-version":[{"id":70,"href":"https:\/\/turvallisuustieteellinenyhdistys.fi\/index.php\/wp-json\/wp\/v2\/pages\/68\/revisions\/70"}],"wp:attachment":[{"href":"https:\/\/turvallisuustieteellinenyhdistys.fi\/index.php\/wp-json\/wp\/v2\/media?parent=68"}],"curies":[{"name":"wp","href":"https:\/\/api.w.org\/{rel}","templated":true}]}}