{"id":54,"date":"2021-05-20T13:38:20","date_gmt":"2021-05-20T11:38:20","guid":{"rendered":"https:\/\/turvallisuustieteellinenyhdistys.fi\/?page_id=54"},"modified":"2021-05-20T13:38:20","modified_gmt":"2021-05-20T11:38:20","slug":"monimuotoinen-turvallisuus-2016","status":"publish","type":"page","link":"https:\/\/turvallisuustieteellinenyhdistys.fi\/index.php\/monimuotoinen-turvallisuus-2016\/","title":{"rendered":"Monimuotoinen turvallisuus (2016)"},"content":{"rendered":"\n<pre class=\"wp-block-code\"><code>Tuomo Hirvonen: Mies ja h\u00e4nen unelmansa\nPentti Airas: Rauhank\u00e4site ja turvallisuustieteellinen tutkimuskeskus\nIlmari Koppinen: Oman eloni kerrontaa\nAhti Lappi: Ohjukset ja ohjuspuolustus\nRisto Kangas-Ikkala: Svetogorskista Kostamukseen\nVeli-Pekka Parkatti: Maavoimien taistelu uudistuu\nKristian Isberg: Katanp\u00e4\u00e4-luokka\nUrpo Kivikari: It\u00e4-Euroopan maiden turvallisuusratkaisuista\nVeli-Pekka Nurmi: Vakavien onnettomuuksien tutkinta\nJarno Limn\u00e9ll: El\u00e4mme kybersodank\u00e4ynnin aamunkoittoa\nKimmo Elo: Saksan ulko- ja turvallisuuspolitiikka\nAntero Uitto: Otto Wille Kuusinen\nOlli Kleemola: Tykkej\u00e4, panssareita ja kameroita\nTuomo Hirvonen: P\u00e4\u00e4majan hukatut kuukaudet 1944\nIlkka Kanerva: Ukraina uhrina vanhanaikaisessa valtapolitiikassa\nMarko Palokangas: Sissitoiminta sotataidossa\nKari Liuhto: Suomen Ven\u00e4j\u00e4-suhteet ja Ukrainan kriisi\nPaola Raunio: Islamilainen valtio ja terrorismin uhka\nMatti K\u00e4\u00e4ri\u00e4inen: Suomen kehitysapu\nVirpi Kivioja: Oppikirjat politiikkaa ja propagandaa ajamassa<\/code><\/pre>\n","protected":false},"excerpt":{"rendered":"","protected":false},"author":1,"featured_media":0,"parent":0,"menu_order":0,"comment_status":"closed","ping_status":"closed","template":"","meta":{"footnotes":""},"class_list":["post-54","page","type-page","status-publish","hentry"],"_links":{"self":[{"href":"https:\/\/turvallisuustieteellinenyhdistys.fi\/index.php\/wp-json\/wp\/v2\/pages\/54","targetHints":{"allow":["GET"]}}],"collection":[{"href":"https:\/\/turvallisuustieteellinenyhdistys.fi\/index.php\/wp-json\/wp\/v2\/pages"}],"about":[{"href":"https:\/\/turvallisuustieteellinenyhdistys.fi\/index.php\/wp-json\/wp\/v2\/types\/page"}],"author":[{"embeddable":true,"href":"https:\/\/turvallisuustieteellinenyhdistys.fi\/index.php\/wp-json\/wp\/v2\/users\/1"}],"replies":[{"embeddable":true,"href":"https:\/\/turvallisuustieteellinenyhdistys.fi\/index.php\/wp-json\/wp\/v2\/comments?post=54"}],"version-history":[{"count":1,"href":"https:\/\/turvallisuustieteellinenyhdistys.fi\/index.php\/wp-json\/wp\/v2\/pages\/54\/revisions"}],"predecessor-version":[{"id":56,"href":"https:\/\/turvallisuustieteellinenyhdistys.fi\/index.php\/wp-json\/wp\/v2\/pages\/54\/revisions\/56"}],"wp:attachment":[{"href":"https:\/\/turvallisuustieteellinenyhdistys.fi\/index.php\/wp-json\/wp\/v2\/media?parent=54"}],"curies":[{"name":"wp","href":"https:\/\/api.w.org\/{rel}","templated":true}]}}