{"id":50,"date":"2021-05-20T13:33:33","date_gmt":"2021-05-20T11:33:33","guid":{"rendered":"https:\/\/turvallisuustieteellinenyhdistys.fi\/?page_id=50"},"modified":"2021-05-20T13:33:33","modified_gmt":"2021-05-20T11:33:33","slug":"tavoitteena-turvallisuus-2018","status":"publish","type":"page","link":"https:\/\/turvallisuustieteellinenyhdistys.fi\/index.php\/tavoitteena-turvallisuus-2018\/","title":{"rendered":"Tavoitteena turvallisuus (2018)"},"content":{"rendered":"\n<pre class=\"wp-block-code\"><code>Pentti Airaksen syntym\u00e4st\u00e4 100 vuotta\nMarkku Salomaa: Ven\u00e4j\u00e4n erikoisjoukot\nMarkku Mantila: Ven\u00e4j\u00e4n informaatiovaikuttaminen\nIlmari Koppinen: Suomen kansan vaaran vuodet\nPentti Sainio: Sotav\u00e4en hukatut miljardit\nTapio Maijala: Sotilasdiplomaattina Brysseliss\u00e4\nKenneth Nyholm: Ven\u00e4j\u00e4n tavoitteet ja tarkoitusper\u00e4t\nVeijo Taipalus: It\u00e4meri, sotilaspoliittinen pelikentt\u00e4\nEsko Vuorisj\u00e4rvi: Petsamon nikkeli 1933 \u2013 1941\nHannu Himanen: Ven\u00e4j\u00e4 ja It\u00e4meren alueen turvallisuus\nTuomo Hirvonen: Itsen\u00e4isyyden is\u00e4hahmo Pehr Evind Svinhufvud\nMarkku Salomaa: It\u00e4- ja Etel\u00e4-Kiinanmeren strateginen tilanne\nAlpo Juntunen: Viaporin antautuminen geopoliittisessa kontekstissa\nTeija Tiilikainen: Geopolitiikan paluu\nIlkka Kanerva: Puolustuspoliittisesta selonteosta ja Ukrainasta\nCarl-Fredrik Geust: Sotavanki Vlasov ja Ven\u00e4j\u00e4n vapautusarmeija\nHenna-Riikka Pennanen: Yhdysvallat ja Kiinan nousu\nJouni Sillanm\u00e4ki: Suomen Renault-hankinnat<\/code><\/pre>\n","protected":false},"excerpt":{"rendered":"","protected":false},"author":1,"featured_media":0,"parent":0,"menu_order":0,"comment_status":"closed","ping_status":"closed","template":"","meta":{"footnotes":""},"class_list":["post-50","page","type-page","status-publish","hentry"],"_links":{"self":[{"href":"https:\/\/turvallisuustieteellinenyhdistys.fi\/index.php\/wp-json\/wp\/v2\/pages\/50","targetHints":{"allow":["GET"]}}],"collection":[{"href":"https:\/\/turvallisuustieteellinenyhdistys.fi\/index.php\/wp-json\/wp\/v2\/pages"}],"about":[{"href":"https:\/\/turvallisuustieteellinenyhdistys.fi\/index.php\/wp-json\/wp\/v2\/types\/page"}],"author":[{"embeddable":true,"href":"https:\/\/turvallisuustieteellinenyhdistys.fi\/index.php\/wp-json\/wp\/v2\/users\/1"}],"replies":[{"embeddable":true,"href":"https:\/\/turvallisuustieteellinenyhdistys.fi\/index.php\/wp-json\/wp\/v2\/comments?post=50"}],"version-history":[{"count":1,"href":"https:\/\/turvallisuustieteellinenyhdistys.fi\/index.php\/wp-json\/wp\/v2\/pages\/50\/revisions"}],"predecessor-version":[{"id":52,"href":"https:\/\/turvallisuustieteellinenyhdistys.fi\/index.php\/wp-json\/wp\/v2\/pages\/50\/revisions\/52"}],"wp:attachment":[{"href":"https:\/\/turvallisuustieteellinenyhdistys.fi\/index.php\/wp-json\/wp\/v2\/media?parent=50"}],"curies":[{"name":"wp","href":"https:\/\/api.w.org\/{rel}","templated":true}]}}