{"id":34,"date":"2021-05-20T12:39:09","date_gmt":"2021-05-20T10:39:09","guid":{"rendered":"https:\/\/turvallisuustieteellinenyhdistys.fi\/?page_id=34"},"modified":"2026-04-19T17:28:58","modified_gmt":"2026-04-19T15:28:58","slug":"tapahtumat","status":"publish","type":"page","link":"https:\/\/turvallisuustieteellinenyhdistys.fi\/index.php\/tapahtumat\/","title":{"rendered":"Tapahtumat"},"content":{"rendered":"\n<p>05.03. Puolustusvoimien Logistiikkalaitoksen valmiusrakentamisp\u00e4\u00e4llikk\u00f6 everstiluutnantti <strong>Sauli Hongisto<\/strong> kertoi vuosikokoukseen kokoontuneelle j\u00e4senist\u00f6lle valmiusrakentamisesta ja linnoittamisesta sek\u00e4 ajankohtaisesta korsuihin suojautumisesta Ukrainasta saadut kokemukset huomioiden. Ajatuksia her\u00e4tt\u00e4v\u00e4 erinomainen esitys her\u00e4tti monia kysymyksi\u00e4 ja keskustelua olisi riitt\u00e4nyt pitemp\u00e4\u00e4nkin. V\u00e4litt\u00f6m\u00e4sti esityksen p\u00e4\u00e4tytty\u00e4 pidettiin yhdistyksen s\u00e4\u00e4nt\u00f6m\u00e4\u00e4r\u00e4inen vuosikokous.<\/p>\n\n\n\n<p>25.02. Lotta Sv\u00e4rd -s\u00e4\u00e4ti\u00f6n toiminnanjohtaja  <strong>Anne Nurminen <\/strong> kertoi aiheesta &#8217;Lottien perinne &#8211; kohti tulevaisuutta&#8217;. T\u00e4m\u00e4 yhteistilaisuus palautti kuulijoiden mieliin j\u00e4rjest\u00f6n merkitt\u00e4v\u00e4n panoksen is\u00e4nmaamme puolustuksen hyv\u00e4ksi.<\/p>\n\n\n\n<p>19.02. Naisten Valmiusliiton alueneuvottelukunnan puheenjohtaja <strong>Pia Huhtala<\/strong> kertoi tarkkaavaiselle kuulijakunnalle aiheesta &#8217;Kotivara&#8217; ja varautumisesta poikkeustilanteisiin yleisemminkin. H\u00e4n oli tuonut mukanaan esimerkkituotteet ja tarvikkeet konkreettisesti ja l\u00e4sn\u00e4olijat olivat hyvin vaikuttuneita esityksest\u00e4. T\u00e4h\u00e4n j\u00e4sentilaisuuteen oli kutsuttu my\u00f6s puolisoita mukaan, joten viesti varautumisen t\u00e4rkeydest\u00e4 meni varmaan my\u00f6s kotip\u00e4\u00e4tt\u00e4jien tietoisuuteen.<\/p>\n\n\n\n<p>Vuosi 2026 aloitettiin 22.01. kommodori, L\u00e4nsi-Suomen Merivartioston komentaja<strong> Marko Tuomisen<\/strong> erinomaisella esityksell\u00e4 Merivartioston ja Rajavartiolaitoksen ajankohtaisista asioista. Tilannekuva It\u00e4merell\u00e4 ja sen meriliikenteen valvonta her\u00e4tti runsaslukuisessa kuulijakunnassa toisaalta tyytyv\u00e4isyytt\u00e4 ja toisaalta my\u00f6s huolestuneisuutta suuronnettomuuksien riskeist\u00e4.<\/p>\n\n\n\n<p>20.11. Esiintyi FM, MBA, tietokirjailija<strong> Katleena Kortesuo<\/strong> aiheenaan Kiinan uusi Silkkitie. Se ei ole pelkk\u00e4 tie, vaan my\u00f6s vakoilua, aivosotaa ja kyberriippuvuutta. Harvinaisen vaikuttava tietoisku sai kuulijat esitt\u00e4m\u00e4\u00e4n huolestuneita kommentteja ja kysymyksi\u00e4 ja palaute tilaisuudesta on ollut suorastaan ylist\u00e4v\u00e4\u00e4.<\/p>\n\n\n\n<p>11.11. Merivoimien esikunnan esikuntap\u00e4\u00e4llikk\u00f6, lippueamiraali <strong>Janne Huusko<\/strong> valotti merellist\u00e4 toimintaymp\u00e4rist\u00f6\u00e4 ja antoi erinomaisen katsauksen Merivoimien ajankohtaisista n\u00e4kymist\u00e4. It\u00e4meren alue on my\u00f6s Naton kannalta todella merkityksellisess\u00e4 asemassa ja Suomella on paljon osaamista ja kyvykkyyksi\u00e4 annettavana liittokunnan vahvistamiseksi.<\/p>\n\n\n\n<p>30.10. Ev<strong> Vesa Helminen<\/strong> Porin prikaatista k\u00e4vi yhteisesitelm\u00e4tilaisuudessa kertomassa Suomen sotilaallisen aseman vaikutuksesta Porin prikaatin nykyp\u00e4iv\u00e4\u00e4n. Liittokunnan j\u00e4senyys heijastuu toimintaan yh\u00e4 enemm\u00e4n.<\/p>\n\n\n\n<p>25.09. Merivoimien esikunnasta tiedustelup\u00e4\u00e4llikk\u00f6 evl<strong> Reijo Haapalainen<\/strong> kertoi sotilastiedustelusta. Paikalla oli 33 kuulijaa ja keskustelua esityksen j\u00e4lkeen riitti pitk\u00e4\u00e4n. T\u00e4m\u00e4 oli vain j\u00e4senille tarkoitettu tilaisuus ja palaute on ollut kiitt\u00e4v\u00e4\u00e4.<\/p>\n\n\n\n<p>18.09. Emeritusprofessori<strong> Ilkka Nummela<\/strong> esitelm\u00f6i yhteistilaisuudessa aiheesta &#8217;Lottien perustama ty\u00f6maahuolto sodan j\u00e4lkeen&#8217;. Se her\u00e4tti vilkasta keskustelua ja palaute on ollut my\u00f6nteist\u00e4.<\/p>\n\n\n\n<p>28.08. oli yhdistyksemme syyskauden ensimm\u00e4inen yhteisesitelm\u00e4tilaisuus todella ajankohtaisesta aiheesta. Siin\u00e4 yhdistyksemme hallituksen j\u00e4sen, F-securen tietoturvajohtaja <strong>Johannes Kossila<\/strong> kertoi aiheesta &#8217;Teko\u00e4ly ja turvallisuus&#8217;. Tietoisku her\u00e4tti 40 kuulijaa pohtimaan, minne \u00e4llistytt\u00e4v\u00e4 tietotekniikka viel\u00e4 meid\u00e4t johtaakaan.<\/p>\n\n\n\n<p>Turun Ilmatorjuntakillan kanssa j\u00e4rjestimme viel\u00e4 kes\u00e4kuun puolella 03.06. esitelm\u00e4tilaisuuden, jossa Helsingin Ilmatorjuntarykmentin komentaja, evl<strong> Henri Ruotsalainen<\/strong> kertoi ilmatorjunnan nykytilanteesta ja tulevaisuuden n\u00e4kymist\u00e4. Esitys sopi erinomaisesti jatkoksi aikaisempaan ilmatorjunnan historiakatsaukseen.<\/p>\n\n\n\n<p>08.05. NDR-Industries Oy:n johtaja <strong>Mauno Rantanen<\/strong> esitelm\u00f6i aiheenaan &#8217;Taistelukent\u00e4n automaattiset ajoneuvot&#8217;. Kyseinen suomalainen yritys on kehitt\u00e4nyt joukon todella innovatiivisia robottilaitteita, jotka pystyv\u00e4t toimimaan kaikenlaisissa maasto-olosuhteissa. Niit\u00e4 voidaan k\u00e4ytt\u00e4\u00e4 sek\u00e4 taisteluteht\u00e4viss\u00e4, ett\u00e4 pelastustoiminnassa. Esitys kirvoitti suuren joukon kiinnostuneita kysymyksi\u00e4 ja tilaisuus venyikin per\u00e4ti tunnin tavanomaista pidemm\u00e4ksi.<\/p>\n\n\n\n<p>Yhteisesitelm\u00e4tilaisuudessa 24.04. kuultiin eversti (evp)<strong> Ahti Lapin<\/strong> esitelm\u00e4 &#8217;100 vuotta suomalaista ilmatorjuntaa&#8217;. Runsaslukuinen kuulijakunta sai perusteellisen katsauksen ilmapuolustuksestamme eri aikoina. V\u00e4litt\u00f6m\u00e4sti esitelm\u00e4n j\u00e4lkeen pidettiin my\u00f6s yhdistyksemme s\u00e4\u00e4nt\u00f6m\u00e4\u00e4r\u00e4inen vuosikokous.<\/p>\n\n\n\n<p>06.03. saimme esitelm\u00f6ij\u00e4ksi DI <strong>Jouni Salmen<\/strong> ELSO-killasta. H\u00e4n kertoi suurta mielenkiintoa her\u00e4tt\u00e4neess\u00e4 esityksess\u00e4\u00e4n elektronisen sodank\u00e4ynnin nykytilanteesta Ukrainastakin saatujen havaintojen pohjalta. Taistelukent\u00e4ll\u00e4 elektroninen tiedustelu ja h\u00e4irint\u00e4 ovat monesti ratkaisevassa asemassa operaatioiden onnistumiselle. Varsinkin droonien laajamittainen k\u00e4ytt\u00f6 on riippuvainen elektronisesta ohjauksesta. Erinomaista esityst\u00e4 oli kuulemassa per\u00e4ti nelisenkymment\u00e4 j\u00e4sent\u00e4mme.<\/p>\n\n\n\n<p>Vuoden 2025 ensimm\u00e4inen esitelm\u00e4tilaisuus pidettiin Heikkil\u00e4n sotilaskodissa 23.1. L\u00e4\u00e4keteollisuus ry:n toimitusjohtaja<strong> Anne-Mari Virolainen<\/strong> valotti monipuolisesti l\u00e4\u00e4kehuoltovarmuustilannetta ja tulevaisuuden n\u00e4kymi\u00e4. Aihe her\u00e4tti tyytyv\u00e4isess\u00e4 kuulijakunnassa keskustelua ja monia kysymyksi\u00e4 , joihin saatiinkin nyt asiantuntijan vastauksia.<\/p>\n\n\n\n<p>28.11. oli syyskauden viimeinen kokous, joka j\u00e4rjestettiin yhteistilaisuutena paikallisten maanpuolustusyhdistysten kanssa Heikkil\u00e4n sotilaskodissa. Puolustusvoimien komentaja kenraali <strong>Janne Jaakkola<\/strong> oli saapunut kertomaan ajankohtaisesta maailmanpoliittisesta tilanteesta ja Puolustusvoimien n\u00e4kymist\u00e4. Kuten arvata saattoi, niin sali oli aivan t\u00e4ynn\u00e4, 150 paikalla olijaa sai asiantuntijan vaikuttavan analyysin nykytilanteesta ja odotettavissa olevasta kehityksest\u00e4. Voidaan todeta, ett\u00e4 Suomi on hoitanut oman osuutensa kokonaisturvallisuudesta hyvin ja voimme suhtautua tulevaisuuteen luottavaisesti, vaikkakin varuillaan ollen.<\/p>\n\n\n\n<p>24.10. kokouksessamme Heikkil\u00e4n sotilaskodissa esiintyi Forcit Defencen liiketoimintajohtaja <strong>Hannu Hytti<\/strong> aiheenaan &#8217;130 vuotta r\u00e4j\u00e4ht\u00e4v\u00e4\u00e4 toimintaa&#8217;. Kuulimme viime k\u00e4den tietoja Forcitin n\u00e4kymist\u00e4 n\u00e4in Ukrainan sodan tilanteessa. Sitten saimme tietoa aivan uuden tyyppisist\u00e4 \u00e4lykk\u00e4ist\u00e4 panssarimiinoista sek\u00e4 merimiinoista. Kummallakin alueella suomalainen osaaminen on aivan k\u00e4rke\u00e4 ja niinp\u00e4 se her\u00e4ttikin kuulijoissa lukuisia kysymyksi\u00e4. Tilaisuus veny per\u00e4ti parituntiseksi ja sai kiitt\u00e4vi\u00e4 kommentteja.<\/p>\n\n\n\n<p>Syyskausi aloitettiin 12.9. KuvaSpace Oy:n toimitusjohtajan<strong> Jarkko Antilan<\/strong> kertoessa avaruus- ja satelliittiteknologiaan erikoistuneen yrityksen toiminnasta. KuvaSpace rakentaa kattavaa mikrosatelliittij\u00e4rjestelm\u00e4\u00e4, joka kuvaa maapalloa p\u00e4ivitt\u00e4in molekyylitasolla hyperspektrikamerateknologialla. Siten tuotetaan nopeasti teko\u00e4lyll\u00e4 analysoitua mittaustietoa ja jatkuvaa tarkkaa tilannekuvaa kuvatusta alueesta. Tietoa on hy\u00f6dynnetty mm. Ukrainassa.<\/p>\n\n\n\n<p>16.04. Saimme Euroopan Unionin parlamentin j\u00e4senen <strong>Henna Virkkusen<\/strong> kertomaan meille aiheesta &#8217;EU ja turvallisuus&#8217;. Sotilaskodin sali oli t\u00e4ysi ja esitys her\u00e4tti runsaasti kysymyksi\u00e4 ja palaute olikin kiitt\u00e4v\u00e4\u00e4.<\/p>\n\n\n\n<p>Yhdistyksen s\u00e4\u00e4nt\u00f6m\u00e4\u00e4r\u00e4inen vuosikokous pidettiin Heikkil\u00e4n sotilaskodissa 11.4.2024. Yhdistyksemme t\u00e4ytt\u00e4ess\u00e4 nyt 50 vuotta julkistettiin sen kunniaksi kahdestoista antologiamme &#8217;Turvallisuus muutoksessa&#8217;. Sit\u00e4 jaetaan j\u00e4senille kokousten yhteydess\u00e4 ja sen tietoja on n\u00e4ht\u00e4viss\u00e4 &#8217;Antologiat&#8217; -alasivulla.<\/p>\n\n\n\n<p>Vuosikokouksen j\u00e4lkeen PATRIAn toimitusjohtaja<strong> Esa Rautalinko<\/strong> piti erinomaisen esityksen Patrian toiminnasta ja Ukrainasta saaduista opeista . Tyytyv\u00e4isi\u00e4 kuulijoita oli j\u00e4lleen 40 ja kysymyksi\u00e4 aiheeseen liittyen riitti paljon.<\/p>\n\n\n\n<p>Vain j\u00e4senille tarkoitettu esitelm\u00e4tilaisuus pidettiin Heikkil\u00e4n sotilaskodin tiloissa 14.03., jolloin saimme ensik\u00e4den tietoa aiheesta &#8217;Valelaitteet&#8217;. Niist\u00e4 oli kertomassa Dobbelg\u00e4nger Oy:n toimitusjohtaja <strong>Terho Kololuoma<\/strong>, jonka johdolla on kehitetty aivan uusi ja kustannustehokas menetelm\u00e4 valelaitteiden toteuttamiseksi.<\/p>\n\n\n\n<p>Vuosi 2024 aloitettiin 15.02. everstiluutnantti (evp)<strong> Vladimir Panschinin<\/strong> esitelm\u00e4ll\u00e4 &#8217;Ven\u00e4j\u00e4n sotilaallinen voima Suomen l\u00e4hialueilla&#8217;. Tilaisuus oli yhdistyksemme j\u00e4rjest\u00e4m\u00e4 yhteistilaisuus useiden maanpuolustuskiltojen kanssa ja ker\u00e4si Heikkil\u00e4n sotilaskodin suuren salin t\u00e4yteen kuulijoita. Esitys kirvoitti vilkkaan keskustelun ilmeisen ajankohtaisesta aiheesta.<\/p>\n\n\n\n<p>Vain pari p\u00e4iv\u00e4\u00e4 edellisen tilaisuuden j\u00e4lkeen saimme 27.10.2023 kuulla Suomen Washingtonin suurl\u00e4hettil\u00e4s <strong>Mikko Hautalan<\/strong> kertovan Suomen ja Yhdysvaltojen kehittyvist\u00e4 suhteista suurvaltakilpailun maailmassa. T\u00e4t\u00e4 tilaisuutta oli odotettu innokkaasti jo kes\u00e4st\u00e4 l\u00e4htien. Huolimatta hyvin lyhyest\u00e4 tiedottamisajasta Heikkil\u00e4n sotilaskotiin oli saapunut yli 50 kuulijaa ja heilt\u00e4 tullut palaute on ollut eritt\u00e4in kiitt\u00e4v\u00e4\u00e4.<\/p>\n\n\n\n<p>Seuraavaksi oli vuorossa 25.10. 2023 Merivoimien esikuntap\u00e4\u00e4llikk\u00f6, lippueamiraali<strong> Jukka Anteroinen<\/strong>, joka kertoi Merivoimista t\u00e4n\u00e4\u00e4n ja muuttuvasta tilanteesta It\u00e4meren piiriss\u00e4 Suomen liitytty\u00e4 NATOon. Yhteistilaisuudessa Heikkil\u00e4n sotilaskodissa oli j\u00e4lleen paikalla yli 40 kuulijaa.<\/p>\n\n\n\n<p>Syyskauden aloitti eversti (evp)<strong> Jukka Hellberg<\/strong> alustuksellaan aiheesta &#8217;Ven\u00e4j\u00e4n ja Ukrainan v\u00e4linen sota &#8211; humanit\u00e4\u00e4rinen ja turvallisuuspoliittinen katastrofi, jolle ei n\u00e4y loppua&#8230;?&#8217;. Yhteistilaisuus oli 20.09.2023 ja tapahtumapaikkana tuttu Heikkil\u00e4n sotilaskoti.<\/p>\n\n\n\n<p>Yhteistilaisuudessa 22.03.2023 piti vaikuttavan maanpuolustustahtoon liittyv\u00e4n puheen Ulkopoliittisen instituutin johtaja <strong>Mika Aaltola<\/strong>. T\u00e4ydess\u00e4 Merivoimien auditoriossa oli taas j\u00e4seni\u00e4mme runsaslukuisesti paikalla.<\/p>\n\n\n\n<p>J\u00e4lleen 22.02.2023 j\u00e4rjestimme yhteistilaisuuden useiden maanpuolustusyhdistysten kanssa Heikkil\u00e4n sotilaskodin salissa. Ty\u00f6el\u00e4m\u00e4professori, majuri (res) <strong>Pauli Aalto-Set\u00e4l\u00e4 <\/strong>esitelm\u00f6i aiheenaan &#8217;Ven\u00e4j\u00e4n informaatiovaikuttaminen ja Ukrainan torjuntavoitto&#8217;. T\u00e4ydess\u00e4 salissa oli paikalla kolmattakymment\u00e4 j\u00e4sent\u00e4mme.<\/p>\n\n\n\n<p>Yhteistilaisuudessa 18.01.2023 esitelm\u00f6i tietokirjailija<strong> Kari Kallonen<\/strong> aiheesta &#8217;Partisaanisota&#8217;. Kuulijoita oli j\u00e4lleen Heikkil\u00e4n sotilaskoti t\u00e4ynn\u00e4, joukossa monia j\u00e4seni\u00e4mme.<\/p>\n\n\n\n<p>Turussa toimivien maanpuolustusyhdistysten kanssa j\u00e4rjestettiin 17.11.2022 j\u00e4lleen yhteistilaisuus. Siin\u00e4 evl <strong>Mauri Ikonen<\/strong> esitelm\u00f6i aiheesta &#8217;Kokonaisturvallisuus &#8211; Mik\u00e4 muuttui piispa Henrikist\u00e4 Nato-j\u00e4senyyteen&#8217;.<\/p>\n\n\n\n<p>J\u00e4sentilaisuudessa 10.11.2022 esitelm\u00f6itsij\u00e4n\u00e4 oli Hybridikeskuksen johtaja kommodori <strong>Jukka Savolainen<\/strong>. H\u00e4n kertoi, millaisin keinoin maamme turvallisuutta voitaisiin horjuttaa. Keskustelua runsaasti her\u00e4tt\u00e4nytt\u00e4 esityst\u00e4 oli kuulemassa 31 j\u00e4sent\u00e4.<\/p>\n\n\n\n<p>Esitelm\u00e4 aiheesta &#8217;Ukrainan tilanne&#8217; kuultiin 20.10. klo 14 alkaen t\u00e4p\u00f6t\u00e4ydess\u00e4 Heikkil\u00e4n sotilaskodissa. Asiantuntijana oli televisiosta hyvinkin tutuksi tullut kenraalimajuri<strong> Pekka Toveri<\/strong>. Tilaisuus oli usean yhdistyksen yhdess\u00e4 j\u00e4rjest\u00e4m\u00e4, yhdistyksemme oli yksi niist\u00e4.<\/p>\n\n\n\n<p>Syksyn ensimm\u00e4inen j\u00e4sentilaisuus pidettiin 29.09. klo 18.00 alkaen. Esitelm\u00f6ij\u00e4n\u00e4 oli professori, LT<strong> Simo Nikkari<\/strong> Sotilasl\u00e4\u00e4ketieteen keskuksesta, aiheena &#8217;Bioaseet&#8217;. Se pisti miettim\u00e4\u00e4n ep\u00e4tavallisiakin vaikuttamistapoja ja her\u00e4tti vilkasta keskustelua.<\/p>\n\n\n\n<p>Uusittujen s\u00e4\u00e4nt\u00f6jen 10\u00a7:n mukainen vuosikokous pidettiin tutussa paikassa torstaina 28.04.2022 klo 17.00 alkaen. Vuosikokouksen j\u00e4lkeen klo 18.00 alkoi j\u00e4sentilaisuus, jossa esitelm\u00e4n &#8217;Ukrainan yhteiskunnasta, sodan taustoista ja tulevaisuuden n\u00e4kymist\u00e4&#8217; piti ye-evl <strong>Juhani Pihlajamaa<\/strong>. H\u00e4n on toiminut mm. puolustusasiamiehen\u00e4 Moskovassa ja Kiovassa.<\/p>\n\n\n\n<p>J\u00e4sentilaisuus pidettiin 12.04.2022. Esitelm\u00f6ij\u00e4n\u00e4 sotahistorian dosentti <strong>Markku Salomaa<\/strong> aiheenaan &#8217;Kylm\u00e4n sodan jatkosota&#8217;. Paikalla oli per\u00e4ti 42 j\u00e4sent\u00e4.<\/p>\n\n\n\n<p>S\u00e4\u00e4nt\u00f6m\u00e4\u00e4r\u00e4inen syyskokous pidettiin maanantaina, marraskuun 8. p\u00e4iv\u00e4n\u00e4 2021 klo 17.00 alkaen Senioritalo Yrj\u00e4n\u00e4ss\u00e4, osoitteessa It\u00e4inen Pitk\u00e4katu 49 Turku.<br>Kokouksen j\u00e4lkeen klo 18.00 alkaen esitelm\u00e4n piti insin\u00f6\u00f6rimajuri, FT, DI <strong>Mika Nieminen <\/strong>aiheesta &#8217;Droonit aikamme sodissa&#8217;. Nieminen palvelee tutkimusryhm\u00e4n johtajana Maanpuolustuskorkeakoulun sotatekniikan laitoksella.<br><\/p>\n\n\n\n<p><\/p>\n\n\n\n<p><\/p>\n\n\n\n<p><\/p>\n","protected":false},"excerpt":{"rendered":"<p>05.03. Puolustusvoimien Logistiikkalaitoksen valmiusrakentamisp\u00e4\u00e4llikk\u00f6 everstiluutnantti Sauli Hongisto kertoi vuosikokoukseen kokoontuneelle j\u00e4senist\u00f6lle valmiusrakentamisesta ja linnoittamisesta sek\u00e4 ajankohtaisesta korsuihin suojautumisesta Ukrainasta saadut kokemukset huomioiden. Ajatuksia her\u00e4tt\u00e4v\u00e4 erinomainen esitys her\u00e4tti monia kysymyksi\u00e4 ja keskustelua olisi riitt\u00e4nyt pitemp\u00e4\u00e4nkin. V\u00e4litt\u00f6m\u00e4sti esityksen p\u00e4\u00e4tytty\u00e4 pidettiin yhdistyksen s\u00e4\u00e4nt\u00f6m\u00e4\u00e4r\u00e4inen vuosikokous. 25.02. Lotta Sv\u00e4rd -s\u00e4\u00e4ti\u00f6n toiminnanjohtaja Anne Nurminen kertoi aiheesta &#8217;Lottien perinne &#8211; kohti tulevaisuutta&#8217;. [&hellip;]<\/p>\n","protected":false},"author":1,"featured_media":0,"parent":0,"menu_order":0,"comment_status":"closed","ping_status":"closed","template":"","meta":{"footnotes":""},"class_list":["post-34","page","type-page","status-publish","hentry"],"_links":{"self":[{"href":"https:\/\/turvallisuustieteellinenyhdistys.fi\/index.php\/wp-json\/wp\/v2\/pages\/34","targetHints":{"allow":["GET"]}}],"collection":[{"href":"https:\/\/turvallisuustieteellinenyhdistys.fi\/index.php\/wp-json\/wp\/v2\/pages"}],"about":[{"href":"https:\/\/turvallisuustieteellinenyhdistys.fi\/index.php\/wp-json\/wp\/v2\/types\/page"}],"author":[{"embeddable":true,"href":"https:\/\/turvallisuustieteellinenyhdistys.fi\/index.php\/wp-json\/wp\/v2\/users\/1"}],"replies":[{"embeddable":true,"href":"https:\/\/turvallisuustieteellinenyhdistys.fi\/index.php\/wp-json\/wp\/v2\/comments?post=34"}],"version-history":[{"count":40,"href":"https:\/\/turvallisuustieteellinenyhdistys.fi\/index.php\/wp-json\/wp\/v2\/pages\/34\/revisions"}],"predecessor-version":[{"id":271,"href":"https:\/\/turvallisuustieteellinenyhdistys.fi\/index.php\/wp-json\/wp\/v2\/pages\/34\/revisions\/271"}],"wp:attachment":[{"href":"https:\/\/turvallisuustieteellinenyhdistys.fi\/index.php\/wp-json\/wp\/v2\/media?parent=34"}],"curies":[{"name":"wp","href":"https:\/\/api.w.org\/{rel}","templated":true}]}}