{"id":196,"date":"2024-05-05T19:43:05","date_gmt":"2024-05-05T17:43:05","guid":{"rendered":"https:\/\/turvallisuustieteellinenyhdistys.fi\/?page_id=196"},"modified":"2024-05-10T12:08:48","modified_gmt":"2024-05-10T10:08:48","slug":"turvallisuus-muutoksessa","status":"publish","type":"page","link":"https:\/\/turvallisuustieteellinenyhdistys.fi\/index.php\/turvallisuus-muutoksessa\/","title":{"rendered":"Turvallisuus muutoksessa (2024)"},"content":{"rendered":"\n<p>Joutsikoski Eero: Puheenjohtajan palsta<\/p>\n\n\n\n<p>Pekka M\u00e4nts\u00e4l\u00e4 ja Tapio Pomell In memoriam<\/p>\n\n\n\n<p>Lindeman Joni: Kokemuksia Afganistanista<\/p>\n\n\n\n<p>Nieminen Mika: Droonit aikamme sodissa<\/p>\n\n\n\n<p>Salomaa Markku: Kylm\u00e4n sodan jatkosota<\/p>\n\n\n\n<p>Pihlajamaa Juhani: Ukrainan yhteiskunnasta ja sodan taustoista<\/p>\n\n\n\n<p>Nikkari Simo: Biologiset aseet ja uhkakuvat<\/p>\n\n\n\n<p>Toveri Pekka: Mit\u00e4 tied\u00e4mme Ukrainan sodasta t\u00e4n\u00e4\u00e4n<\/p>\n\n\n\n<p>Savolainen Jukka: Kilpailu maailmanherruudesta ja hybridiuhat<\/p>\n\n\n\n<p>Ikonen Mauri: Kokonaisturvallisuus<\/p>\n\n\n\n<p>Kallonen Kari: Partisaanisota<\/p>\n\n\n\n<p>Aalto-Set\u00e4l\u00e4 Pauli: Ven\u00e4j\u00e4n hybridivaikuttaminen<\/p>\n\n\n\n<p>Aaltola Mika: Selviytyminen on Suomen idea<\/p>\n\n\n\n<p>Salomaa Markku: Suomi ja Nato<\/p>\n\n\n\n<p>Panschin Vladimir: Ven\u00e4j\u00e4n sotilaallinen voima Suomen l\u00e4hialueilla<\/p>\n\n\n\n<p>Uola Mikko: Turun Suojeluskunnat 1917 &#8211; 1944<\/p>\n\n\n\n<p>Kololuoma Terho: Vihollisen harhauttaminen valelaitteilla<\/p>\n\n\n\n<p class=\"has-normal-font-size\">Joutsikoski Eero: Operaatio Turvaverkko<\/p>\n\n\n\n<p>Maininta suurl\u00e4hettil\u00e4s Mikko Hautalan esitelm\u00e4st\u00e4 &#8217;Suomen ja Yhdysvaltojen kehittyv\u00e4t suhteet suurvaltakilpailun maailmassa&#8217;, josta ei ole saatavilla kirjallista materiaalia<\/p>\n","protected":false},"excerpt":{"rendered":"<p>Joutsikoski Eero: Puheenjohtajan palsta Pekka M\u00e4nts\u00e4l\u00e4 ja Tapio Pomell In memoriam Lindeman Joni: Kokemuksia Afganistanista Nieminen Mika: Droonit aikamme sodissa Salomaa Markku: Kylm\u00e4n sodan jatkosota Pihlajamaa Juhani: Ukrainan yhteiskunnasta ja sodan taustoista Nikkari Simo: Biologiset aseet ja uhkakuvat Toveri Pekka: Mit\u00e4 tied\u00e4mme Ukrainan sodasta t\u00e4n\u00e4\u00e4n Savolainen Jukka: Kilpailu maailmanherruudesta ja hybridiuhat Ikonen Mauri: Kokonaisturvallisuus Kallonen [&hellip;]<\/p>\n","protected":false},"author":1,"featured_media":0,"parent":0,"menu_order":0,"comment_status":"closed","ping_status":"closed","template":"","meta":{"footnotes":""},"class_list":["post-196","page","type-page","status-publish","hentry"],"_links":{"self":[{"href":"https:\/\/turvallisuustieteellinenyhdistys.fi\/index.php\/wp-json\/wp\/v2\/pages\/196","targetHints":{"allow":["GET"]}}],"collection":[{"href":"https:\/\/turvallisuustieteellinenyhdistys.fi\/index.php\/wp-json\/wp\/v2\/pages"}],"about":[{"href":"https:\/\/turvallisuustieteellinenyhdistys.fi\/index.php\/wp-json\/wp\/v2\/types\/page"}],"author":[{"embeddable":true,"href":"https:\/\/turvallisuustieteellinenyhdistys.fi\/index.php\/wp-json\/wp\/v2\/users\/1"}],"replies":[{"embeddable":true,"href":"https:\/\/turvallisuustieteellinenyhdistys.fi\/index.php\/wp-json\/wp\/v2\/comments?post=196"}],"version-history":[{"count":4,"href":"https:\/\/turvallisuustieteellinenyhdistys.fi\/index.php\/wp-json\/wp\/v2\/pages\/196\/revisions"}],"predecessor-version":[{"id":209,"href":"https:\/\/turvallisuustieteellinenyhdistys.fi\/index.php\/wp-json\/wp\/v2\/pages\/196\/revisions\/209"}],"wp:attachment":[{"href":"https:\/\/turvallisuustieteellinenyhdistys.fi\/index.php\/wp-json\/wp\/v2\/media?parent=196"}],"curies":[{"name":"wp","href":"https:\/\/api.w.org\/{rel}","templated":true}]}}