{"id":14,"date":"2021-05-19T17:13:08","date_gmt":"2021-05-19T17:13:08","guid":{"rendered":"https:\/\/turvallisuustieteellinenyhdistys.fi\/?page_id=14"},"modified":"2024-05-10T12:10:26","modified_gmt":"2024-05-10T10:10:26","slug":"antologiat","status":"publish","type":"page","link":"https:\/\/turvallisuustieteellinenyhdistys.fi\/index.php\/antologiat\/","title":{"rendered":"Antologiat ja julkaisut"},"content":{"rendered":"\n<p>Yhdistyksen tilaisuuksissa pidetyist\u00e4 esitelmist\u00e4 kootaan yhteenveto antologian muodossa, joka jaetaan j\u00e4senille.<\/p>\n\n\n\n<p><strong><u>T\u00e4h\u00e4n menness\u00e4 julkaistut antologiat:<\/u><\/strong><\/p>\n\n\n\n<p><a href=\"https:\/\/turvallisuustieteellinenyhdistys.fi\/index.php\/turvallisuus-muutoksessa\/\" data-type=\"page\" data-id=\"196\">Turvallisuus muutoksessa (2024)<\/a><\/p>\n\n\n\n<p><strong><a href=\"https:\/\/turvallisuustieteellinenyhdistys.fi\/index.php\/turvallisuus-ja-kriisivalmius-2021\">Turvallisuus ja kriisivalmius (2021)<\/a><\/strong><\/p>\n\n\n\n<p><strong><a href=\"https:\/\/turvallisuustieteellinenyhdistys.fi\/index.php\/tavoitteena-turvallisuus-2018\/\">Tavoitteena turvallisuus (2018)<\/a><\/strong><\/p>\n\n\n\n<p><strong><a href=\"https:\/\/turvallisuustieteellinenyhdistys.fi\/index.php\/monimuotoinen-turvallisuus-2016\/\">Monimuotoinen turvallisuus (2016)<\/a><\/strong><\/p>\n\n\n\n<p><a href=\"https:\/\/turvallisuustieteellinenyhdistys.fi\/index.php\/kansainvalistyva-turvallisuus-2012\/\">Kansainv\u00e4listyv\u00e4 turvallisuus (2012)<\/a><\/p>\n\n\n\n<p><a href=\"https:\/\/turvallisuustieteellinenyhdistys.fi\/index.php\/valtion-ja-kansalaisen-turvallisuudesta-2009\/\">Valtion ja kansalaisen turvallisuudesta (2009)<\/a><\/p>\n\n\n\n<p><strong><a href=\"https:\/\/turvallisuustieteellinenyhdistys.fi\/index.php\/tienhaarassa-1995\">Tienhaarassa (1995)<\/a><\/strong><\/p>\n\n\n\n<p><strong><a href=\"https:\/\/turvallisuustieteellinenyhdistys.fi\/index.php\/evaita-turvallisuustieteen-teorianmuodostukseen-2003\">Ev\u00e4it\u00e4 turvallisuustieteen teorianmuodostukseen (2003)<\/a><\/strong><\/p>\n\n\n\n<p><strong><a href=\"https:\/\/turvallisuustieteellinenyhdistys.fi\/index.php\/puolustustahdon-synty-1993\">Puolustustahdon synty (1993)<\/a><\/strong><\/p>\n\n\n\n<p><strong><a href=\"https:\/\/turvallisuustieteellinenyhdistys.fi\/index.php\/kohti-demokratian-itsepuolustustako-1992\">Kohti demokratian itsepuolustustako? (1992)<\/a><\/strong><\/p>\n\n\n\n<p><a href=\"https:\/\/turvallisuustieteellinenyhdistys.fi\/index.php\/kasvaminen-kansakunnaksi-1990\/\">Kasvaminen kansakunnaksi (1990)<\/a><\/p>\n\n\n\n<p><strong><a href=\"https:\/\/turvallisuustieteellinenyhdistys.fi\/index.php\/oikeus-turvallisuuteen-perusturvallisuuden-elementtien-tarkastelua-1990\">Oikeus turvallisuuteen \u2013 Perusturvallisuuden elementtien tarkastelua (1990)<\/a><\/strong><\/p>\n","protected":false},"excerpt":{"rendered":"<p>Yhdistyksen tilaisuuksissa pidetyist\u00e4 esitelmist\u00e4 kootaan yhteenveto antologian muodossa, joka jaetaan j\u00e4senille. T\u00e4h\u00e4n menness\u00e4 julkaistut antologiat: Turvallisuus muutoksessa (2024) Turvallisuus ja kriisivalmius (2021) Tavoitteena turvallisuus (2018) Monimuotoinen turvallisuus (2016) Kansainv\u00e4listyv\u00e4 turvallisuus (2012) Valtion ja kansalaisen turvallisuudesta (2009) Tienhaarassa (1995) Ev\u00e4it\u00e4 turvallisuustieteen teorianmuodostukseen (2003) Puolustustahdon synty (1993) Kohti demokratian itsepuolustustako? (1992) Kasvaminen kansakunnaksi (1990) Oikeus turvallisuuteen \u2013 [&hellip;]<\/p>\n","protected":false},"author":1,"featured_media":0,"parent":0,"menu_order":0,"comment_status":"closed","ping_status":"closed","template":"","meta":{"footnotes":""},"class_list":["post-14","page","type-page","status-publish","hentry"],"_links":{"self":[{"href":"https:\/\/turvallisuustieteellinenyhdistys.fi\/index.php\/wp-json\/wp\/v2\/pages\/14","targetHints":{"allow":["GET"]}}],"collection":[{"href":"https:\/\/turvallisuustieteellinenyhdistys.fi\/index.php\/wp-json\/wp\/v2\/pages"}],"about":[{"href":"https:\/\/turvallisuustieteellinenyhdistys.fi\/index.php\/wp-json\/wp\/v2\/types\/page"}],"author":[{"embeddable":true,"href":"https:\/\/turvallisuustieteellinenyhdistys.fi\/index.php\/wp-json\/wp\/v2\/users\/1"}],"replies":[{"embeddable":true,"href":"https:\/\/turvallisuustieteellinenyhdistys.fi\/index.php\/wp-json\/wp\/v2\/comments?post=14"}],"version-history":[{"count":12,"href":"https:\/\/turvallisuustieteellinenyhdistys.fi\/index.php\/wp-json\/wp\/v2\/pages\/14\/revisions"}],"predecessor-version":[{"id":212,"href":"https:\/\/turvallisuustieteellinenyhdistys.fi\/index.php\/wp-json\/wp\/v2\/pages\/14\/revisions\/212"}],"wp:attachment":[{"href":"https:\/\/turvallisuustieteellinenyhdistys.fi\/index.php\/wp-json\/wp\/v2\/media?parent=14"}],"curies":[{"name":"wp","href":"https:\/\/api.w.org\/{rel}","templated":true}]}}