{"id":123,"date":"2022-04-11T17:31:36","date_gmt":"2022-04-11T15:31:36","guid":{"rendered":"https:\/\/turvallisuustieteellinenyhdistys.fi\/?page_id=123"},"modified":"2025-01-29T11:32:41","modified_gmt":"2025-01-29T09:32:41","slug":"jasenhakemus-2","status":"publish","type":"page","link":"https:\/\/turvallisuustieteellinenyhdistys.fi\/index.php\/jasenhakemus-2\/","title":{"rendered":"J\u00e4senhakemus"},"content":{"rendered":"\n<p>Jos haluat liitty\u00e4 j\u00e4seneksi, niin l\u00e4het\u00e4 alla olevat tiedot osoitteeseen <strong>  <\/strong>eero.joutsikoski@kolumbus.fi<\/p>\n\n\n\n<ul class=\"wp-block-list\">\n<li>Etu- ja sukunimi<\/li>\n\n\n\n<li>L\u00e4hiosoite, postinumero ja postitoimipaikka<\/li>\n\n\n\n<li>Puhelinnumero<\/li>\n\n\n\n<li>S\u00e4hk\u00f6postiosoite<\/li>\n\n\n\n<li>Suosittelija<\/li>\n<\/ul>\n\n\n\n<p><\/p>\n","protected":false},"excerpt":{"rendered":"<p>Jos haluat liitty\u00e4 j\u00e4seneksi, niin l\u00e4het\u00e4 alla olevat tiedot osoitteeseen eero.joutsikoski@kolumbus.fi<\/p>\n","protected":false},"author":1,"featured_media":0,"parent":0,"menu_order":0,"comment_status":"closed","ping_status":"closed","template":"","meta":{"footnotes":""},"class_list":["post-123","page","type-page","status-publish","hentry"],"_links":{"self":[{"href":"https:\/\/turvallisuustieteellinenyhdistys.fi\/index.php\/wp-json\/wp\/v2\/pages\/123","targetHints":{"allow":["GET"]}}],"collection":[{"href":"https:\/\/turvallisuustieteellinenyhdistys.fi\/index.php\/wp-json\/wp\/v2\/pages"}],"about":[{"href":"https:\/\/turvallisuustieteellinenyhdistys.fi\/index.php\/wp-json\/wp\/v2\/types\/page"}],"author":[{"embeddable":true,"href":"https:\/\/turvallisuustieteellinenyhdistys.fi\/index.php\/wp-json\/wp\/v2\/users\/1"}],"replies":[{"embeddable":true,"href":"https:\/\/turvallisuustieteellinenyhdistys.fi\/index.php\/wp-json\/wp\/v2\/comments?post=123"}],"version-history":[{"count":6,"href":"https:\/\/turvallisuustieteellinenyhdistys.fi\/index.php\/wp-json\/wp\/v2\/pages\/123\/revisions"}],"predecessor-version":[{"id":225,"href":"https:\/\/turvallisuustieteellinenyhdistys.fi\/index.php\/wp-json\/wp\/v2\/pages\/123\/revisions\/225"}],"wp:attachment":[{"href":"https:\/\/turvallisuustieteellinenyhdistys.fi\/index.php\/wp-json\/wp\/v2\/media?parent=123"}],"curies":[{"name":"wp","href":"https:\/\/api.w.org\/{rel}","templated":true}]}}