{"id":12,"date":"2021-05-19T17:12:38","date_gmt":"2021-05-19T17:12:38","guid":{"rendered":"https:\/\/turvallisuustieteellinenyhdistys.fi\/?page_id=12"},"modified":"2026-04-19T17:21:31","modified_gmt":"2026-04-19T15:21:31","slug":"jasenasiat","status":"publish","type":"page","link":"https:\/\/turvallisuustieteellinenyhdistys.fi\/index.php\/jasenasiat\/","title":{"rendered":"Hallitus, j\u00e4senasiat ja liittyminen"},"content":{"rendered":"\n<p><strong>Yhdistyksen hallitus<\/strong><\/p>\n\n\n\n<pre class=\"wp-block-code\"><code>Eero Joutsikoski, puheenjohtaja\nTimo Soikkanen, varapuheenjohtaja\nRisto Hurme\nJohannes Kossila \nTimo M\u00e4ki\nPekka Paakkanen\nTuula Rahkonen\nMarkku \u00c4\u00e4rimaa\n<\/code><\/pre>\n\n\n\n<p><strong>J\u00e4seneksi liittyminen<\/strong><\/p>\n\n\n\n<p>Yhdistyksen j\u00e4senet hyv\u00e4ksyy hallitus<\/p>\n\n\n\n<p><a href=\"https:\/\/turvallisuustieteellinenyhdistys.fi\/index.php\/jasenhakemus\/\" data-type=\"URL\" data-id=\"https:\/\/turvallisuustieteellinenyhdistys.fi\/index.php\/jasenhakemus\/\">J\u00e4senhakemus<\/a><\/p>\n","protected":false},"excerpt":{"rendered":"<p>Yhdistyksen hallitus J\u00e4seneksi liittyminen Yhdistyksen j\u00e4senet hyv\u00e4ksyy hallitus J\u00e4senhakemus<\/p>\n","protected":false},"author":1,"featured_media":0,"parent":0,"menu_order":0,"comment_status":"closed","ping_status":"closed","template":"","meta":{"footnotes":""},"class_list":["post-12","page","type-page","status-publish","hentry"],"_links":{"self":[{"href":"https:\/\/turvallisuustieteellinenyhdistys.fi\/index.php\/wp-json\/wp\/v2\/pages\/12","targetHints":{"allow":["GET"]}}],"collection":[{"href":"https:\/\/turvallisuustieteellinenyhdistys.fi\/index.php\/wp-json\/wp\/v2\/pages"}],"about":[{"href":"https:\/\/turvallisuustieteellinenyhdistys.fi\/index.php\/wp-json\/wp\/v2\/types\/page"}],"author":[{"embeddable":true,"href":"https:\/\/turvallisuustieteellinenyhdistys.fi\/index.php\/wp-json\/wp\/v2\/users\/1"}],"replies":[{"embeddable":true,"href":"https:\/\/turvallisuustieteellinenyhdistys.fi\/index.php\/wp-json\/wp\/v2\/comments?post=12"}],"version-history":[{"count":15,"href":"https:\/\/turvallisuustieteellinenyhdistys.fi\/index.php\/wp-json\/wp\/v2\/pages\/12\/revisions"}],"predecessor-version":[{"id":269,"href":"https:\/\/turvallisuustieteellinenyhdistys.fi\/index.php\/wp-json\/wp\/v2\/pages\/12\/revisions\/269"}],"wp:attachment":[{"href":"https:\/\/turvallisuustieteellinenyhdistys.fi\/index.php\/wp-json\/wp\/v2\/media?parent=12"}],"curies":[{"name":"wp","href":"https:\/\/api.w.org\/{rel}","templated":true}]}}