{"id":111,"date":"2021-11-14T18:07:23","date_gmt":"2021-11-14T16:07:23","guid":{"rendered":"https:\/\/turvallisuustieteellinenyhdistys.fi\/?page_id=111"},"modified":"2023-08-17T18:31:51","modified_gmt":"2023-08-17T16:31:51","slug":"saannot","status":"publish","type":"page","link":"https:\/\/turvallisuustieteellinenyhdistys.fi\/index.php\/saannot\/","title":{"rendered":"S\u00e4\u00e4nn\u00f6t"},"content":{"rendered":"\n<p><br><br><br>1 \u00a7<br>Yhdistyksen nimi on Turvallisuustieteellinen yhdistys ry ja kotipaikka Turku. Yhdistyksen kielen\u00e4 on suomi.<\/p>\n\n\n\n<p><br>2 \u00a7<br>Yhdistyksen tarkoituksena on tukea ja edist\u00e4\u00e4 turvallisuustieteellist\u00e4 tutkimusta Suomessa,<br>v\u00e4litt\u00e4\u00e4 turvallisuutta koskevaa tietoa j\u00e4senille ja yleis\u00f6lle sek\u00e4 toimia turvallisuustutkimuksesta <br>kiinnostuneiden henkil\u00f6iden yhdyssiteen\u00e4.<br><br>Turvallisuustiede on tieteenhaara, joka tieteellisin menetelmin tutkii ja analysoi<br>yhteiskunnan kehitykseen vaikuttavia sis\u00e4isi\u00e4 ja ulkoisia kriisej\u00e4 sek\u00e4 h\u00e4iri\u00f6tekij\u00f6it\u00e4.<br><br>3 \u00a7<br>Tarkoituksensa toteuttamiseksi yhdistys harjoittaa alaan liittyv\u00e4\u00e4 julkaisutoimintaa sek\u00e4<br>j\u00e4rjest\u00e4\u00e4 luento- ja esitelm\u00e4tilaisuuksia. Yhdistys pit\u00e4\u00e4 yhteyksi\u00e4 sek\u00e4 alan kotimaisiin ett\u00e4<br>kansainv\u00e4lisiin j\u00e4rjest\u00f6ihin ja tutkimusyksik\u00f6ihin. N\u00e4iden toimintamuotojen<br>aikaansaamiseksi yhdistykseen voidaan asettaa erillisi\u00e4 jaostoja.<br><br>Yhdistys voi toimeenpanna varainker\u00e4yksi\u00e4 sek\u00e4 ottaa vastaan lahjoituksia ja<br>testamentteja. Yhdistyksen tarkoituksena ei ole voiton tai muun v\u00e4litt\u00f6m\u00e4n taloudellisen<br>hy\u00f6dyn hankkiminen j\u00e4senille.<br><br>4 \u00a7<br>Yhdistyksess\u00e4 on varsinaisia j\u00e4seni\u00e4, kunniaj\u00e4seni\u00e4, tutkijaj\u00e4seni\u00e4 ja kannattavia j\u00e4seni\u00e4.<br>Yhdistyksen varsinaisiksi j\u00e4seniksi voidaan hyv\u00e4ksy\u00e4 henkil\u00f6j\u00e4seni\u00e4.<br>Kannattaviksi j\u00e4seniksi voidaan hyv\u00e4ksy\u00e4 henkil\u00f6j\u00e4seni\u00e4 ja oikeuskelpoisia yhteis\u00f6j\u00e4.<br>Tutkijaj\u00e4seniksi voidaan hyv\u00e4ksy\u00e4 turvallisuustieteellist\u00e4 tutkimusta harjoittavia koti- tai<br>ulkomaisia henkil\u00f6it\u00e4.<br><br>Yhdistyksen kokous voi hallituksen esityksest\u00e4 kutsua kunniaj\u00e4seneksi varsinaisen<br>j\u00e4senen, joka on eritt\u00e4in ansioitunut yhdistyksen toiminnassa. Yhdistyksen kokous voi<br>hallituksen esityksest\u00e4 kutsua kunniaj\u00e4seneksi my\u00f6s ulkopuolisen henkil\u00f6n, jonka toiminta<br>yhdistyksen tavoitteiden saavuttamiseksi on katsottava merkitt\u00e4v\u00e4ksi.<br><br>5 \u00a7<br>Yhdistyksen varsinaiset j\u00e4senet ja kannattavat j\u00e4senet suorittavat j\u00e4senmaksun, mink\u00e4<br>vuosikokous vuodeksi kerrallaan vahvistaa. Tutkijaj\u00e4senet ja kunniaj\u00e4senet eiv\u00e4t suorita<br>j\u00e4senmaksua.<br><br>6 \u00a7<br>J\u00e4senet hyv\u00e4ksyy ja erottaa yhdistyksen hallitus.<br><br>J\u00e4sen, joka on j\u00e4tt\u00e4nyt t\u00e4ytt\u00e4m\u00e4tt\u00e4 ne velvoitukset, joihin j\u00e4sen yhdistykseen liittyess\u00e4\u00e4n<br>on sitoutunut tai joka on toiminut yhdistyst\u00e4 vahingoittavalla tavalla, voidaan erottaa<br>j\u00e4senyydest\u00e4. Erottamisp\u00e4\u00e4t\u00f6ksest\u00e4 on j\u00e4senell\u00e4 oikeus valittaa yhdistyksen kokoukselle j\u00e4tt\u00e4m\u00e4ll\u00e4 kirjallisen valituksen hallitukselle nelj\u00e4ntoista vuorokauden kuluessa erottamisp\u00e4\u00e4t\u00f6ksest\u00e4 tiedon saatuaan.<br><br>Mik\u00e4li yhdistyksen j\u00e4sen on laiminly\u00f6nyt j\u00e4senmaksunsa maksamisen kahden<br>toimintakauden ajalta, hallitus voi katsoa j\u00e4senen eronneeksi.<br><br>Jos j\u00e4sen p\u00e4\u00e4tt\u00e4\u00e4 erota yhdistyksest\u00e4, siit\u00e4 on teht\u00e4v\u00e4 ilmoitus hallitukselle tai sen toimihenkil\u00f6lle.<br>Eroavan j\u00e4senen on kuitenkin suoritettava alkaneen toimintakauden koko j\u00e4senmaksu.<br><br>7 \u00a7<br>Hallitus edustaa yhdistyst\u00e4 sek\u00e4 k\u00e4ytt\u00e4\u00e4 sen toimeenpanovaltaa ja hoitaa yhdistyksen<br>asioita. Hallituksen toimikausi alkaa vuosikokouksesta ja p\u00e4\u00e4ttyy seuraavaan<br>vuosikokoukseen.<br><br>Hallitukseen kuuluu puheenjohtajan lis\u00e4ksi nelj\u00e4 (4) \u2013 kahdeksan (8) j\u00e4sent\u00e4. Hallituksen<br>j\u00e4senist\u00e4 1 &#8211; 2 pyrit\u00e4\u00e4n valitsemaan tutkijakategoriaan luettavista henkil\u00f6ist\u00e4. Hallitus<br>valitsee keskuudestaan toimikaudeksi kerrallaan varapuheenjohtajan. Hallitus valitsee<br>sihteerin ja muut tarvittavat toimihenkil\u00f6t.<br><br>Hallituksen teht\u00e4v\u00e4n\u00e4 on erityisesti:<br>1. Johtaa ja kehitt\u00e4\u00e4 yhdistyksen toimintaa<br>2. Hoitaa sen omaisuutta ja taloutta sek\u00e4 huolehtia, ett\u00e4 kirjanpito on lainmukainen ja<br>varainhoito on j\u00e4rjestetty luotettavalla tavalla<br>3. Laatia yhdistyksen kokoukselle ehdotukset toimintakertomukseksi,  <br>tilinp\u00e4\u00e4t\u00f6kseksi tai vuosilaskelmaksi, toimintasuunnitelmaksi ja talousarvioksi<br>4. Valmistella muut yhdistyksen kokouksissa k\u00e4sitelt\u00e4v\u00e4t asiat<br>5. P\u00e4\u00e4tt\u00e4\u00e4 ja hoitaa yhdistyksen huomionosoitukset ja muistamiset<br>6. Vastata siit\u00e4, ett\u00e4 toiminta tapahtuu lain sek\u00e4 n\u00e4iden s\u00e4\u00e4nt\u00f6jen mukaisesti.<br><br>8 \u00a7<br>Hallitus kokoontuu puheenjohtajan tai h\u00e4nen ollessaan estyneen\u00e4<br>varapuheenjohtajan kutsusta. Kutsu on toimitettava kullekin hallituksen j\u00e4senelle<br>v\u00e4hint\u00e4\u00e4n seitsem\u00e4n (7) p\u00e4iv\u00e4\u00e4 ennen kokousta tietoliikenneyhteydell\u00e4 tai kirjeitse.<br>Hallitus on lis\u00e4ksi kutsuttava v\u00e4litt\u00f6m\u00e4sti koolle, jos v\u00e4hint\u00e4\u00e4n puolet sen j\u00e4senist\u00e4 sit\u00e4<br>ilmoittamansa asian k\u00e4sittely\u00e4 varten kirjallisesti pyyt\u00e4\u00e4 puheenjohtajalta tai h\u00e4nen ollessa<br>estynyt varapuheenjohtajalta.<br><br>Hallitus on p\u00e4\u00e4t\u00f6svaltainen, kun kokouksen puheenjohtajan lis\u00e4ksi v\u00e4hint\u00e4\u00e4n puolet<br>j\u00e4senist\u00e4 on saapuvilla. \u00c4\u00e4nestyksiss\u00e4 \u00e4\u00e4nten jakaantuessa tasan ratkaisee<br>puheenjohtajan \u00e4\u00e4ni, vaaleissa arpa.<br><br>9 \u00a7<br>Yhdistyksen p\u00e4\u00e4t\u00f6svaltaa k\u00e4ytt\u00e4\u00e4 sen kokous. Vuosikokous pidet\u00e4\u00e4n<br>viimeist\u00e4\u00e4n toimintakauden huhtikuussa. Ylim\u00e4\u00e4r\u00e4inen yhdistyksen kokous pidet\u00e4\u00e4n,<br>milloin hallitus katsoo sen tarpeelliseksi tai kymmenesosa yhdistyksen<br>\u00e4\u00e4nioikeutetuista j\u00e4senist\u00e4 sit\u00e4 ilmoittamansa asian k\u00e4sittely\u00e4 varten kirjallisesti<br>hallitukselta pyyt\u00e4\u00e4.<br><br>Yhdistyksen kokouksen kutsuu koolle hallitus. Ylim\u00e4\u00e4r\u00e4inen kokous on kutsuttava<br>koolle kuukauden kuluessa siit\u00e4, kun edellisess\u00e4 momentissa mainittu pyynt\u00f6 on saapunut hallitukselle.<\/p>\n\n\n\n<p>Kutsu yhdistyksen kokoukseen on toimitettava kullekin j\u00e4senelle v\u00e4hint\u00e4\u00e4n kaksi (2) viikkoa<br> ennen kokousta joko tietoliikenneyhteydell\u00e4 tai muun teknisen apuv\u00e4lineen avulla. Kutsussa on manittava kokouksen aika ja paikka.<br><br>Yhdistyksen kokouksissa on kullakin j\u00e4senell\u00e4, kunniaj\u00e4senell\u00e4 ja tutkijaj\u00e4senell\u00e4 yksi (1)<br>\u00e4\u00e4ni. Ulkopuolisella kunniaj\u00e4senell\u00e4 ja kannattavalla j\u00e4senell\u00e4 on yhdistyksen kokouksissa<br>l\u00e4sn\u00e4olo- ja puheoikeus.<br><br>Hallitus voi my\u00f6s p\u00e4\u00e4tt\u00e4\u00e4, ett\u00e4 yhdistyksen kokous j\u00e4rjestet\u00e4\u00e4n et\u00e4n\u00e4 siten, ett\u00e4 kokouksella on fyysinen kokouspaikka tai ilman sit\u00e4. Kummassakin tapauksessa osanottajaksi kirjattu j\u00e4sen voi k\u00e4ytt\u00e4\u00e4 puhe- ja \u00e4\u00e4nioikeuttaan kokouksen aikana ajantasaisesti tietoliikenneyhteyden ja muun teknisen apuv\u00e4lineen avulla. <br><br>10 \u00a7<br>Yhdistyksen vuosikokouksessa<br>1. K\u00e4sitell\u00e4\u00e4n hallituksen laatima edellisen toimintakauden toimintakertomus ja<br>tilinp\u00e4\u00e4t\u00f6s tai vuosilaskelma sek\u00e4 kuullaan toiminnantarkastuskertomus<br>2. P\u00e4\u00e4tet\u00e4\u00e4n tilinp\u00e4\u00e4t\u00f6ksen tai vuosilaskelman vahvistamisesta ja tilivelvollisten vastuuvapaudesta<br>3. Valitaan hallituksen puheenjohtaja, jota kutsutaan my\u00f6s yhdistyksen<br>puheenjohtajaksi<br>4. P\u00e4\u00e4tet\u00e4\u00e4n hallituksen j\u00e4senten lukum\u00e4\u00e4r\u00e4 ja valitaan hallituksen j\u00e4senet<br>5. Hyv\u00e4ksyt\u00e4\u00e4n kuluvan toimintakauden toimintasuunnitelma<br>6. Vahvistetaan seuraavan toimintakauden varsinaisten j\u00e4senten j\u00e4senmaksun suuruus ja kannattavien j\u00e4senten<br>j\u00e4senmaksun v\u00e4himm\u00e4ism\u00e4\u00e4r\u00e4n suuruus. Vahvistetaan kuluvan toimintakauden talousarvio. <br>7. P\u00e4\u00e4tet\u00e4\u00e4n toiminnantarkastajan palkkiosta<br>8. Valitaan toiminnantarkastaja ja varatoiminnantarkastaja tarkastamaan kuluvan tilikauden taloutta ja hallintoa<br>seuraavan tilikauden tilej\u00e4 ja hallintoa<br>9. K\u00e4sitell\u00e4\u00e4n muut vuosikokouksen p\u00e4\u00e4tett\u00e4v\u00e4ksi esitetyt asiat.<br><br>Mik\u00e4li j\u00e4sen haluaa saada jonkin asian vuosikokouksen k\u00e4sitelt\u00e4v\u00e4ksi, on h\u00e4nen<br>ilmoitettava siit\u00e4 kirjallisesti hallitukselle edelt\u00e4v\u00e4n tammikuun loppuun menness\u00e4.<br><br>11 \u00a7<br>Yhdistyksen toiminta- ja tilikausi on kalenterivuosi.<br><br>Yhdistyksen tilinp\u00e4\u00e4t\u00f6sasiakirjat on toimitettava toiminnantarkastajalle viimeist\u00e4\u00e4n<br>kuukautta ennen vuosikokousta. Toiminnantarkastajan on annettava yhdistyksen<br>hallitukselle kirjallinen toiminnantarkastuskertomus kaksi (2) viikkoa ennen<br>vuosikokousta.<br><br>12\u00a7<br>Yhdistyksen nimen kirjoittaa hallituksen puheenjohtaja yksin tai varapuheenjohtaja<br>yhdess\u00e4 hallituksen muun j\u00e4senen kanssa.<br><br>13 \u00a7<br>S\u00e4\u00e4nt\u00f6jen muuttamisesta p\u00e4\u00e4tt\u00e4\u00e4 yhdistyksen kokous. P\u00e4\u00e4t\u00f6s on p\u00e4tev\u00e4 vain, jos<br>v\u00e4hint\u00e4\u00e4n kolme nelj\u00e4sosaa (\u00be) annetuista \u00e4\u00e4nist\u00e4 on sit\u00e4 kannattanut<br><br>14 \u00a7<\/p>\n\n\n\n<p>Jos yhdistys on p\u00e4\u00e4tt\u00e4nyt purkautua tai se lakkautetaan, siirtyv\u00e4t sen j\u00e4ljelle j\u00e4\u00e4net varat<br>yhdistyksen viimeisen kokouksen p\u00e4\u00e4t\u00f6ksen mukaisesti k\u00e4ytett\u00e4v\u00e4ksi turvallisuustieteen<br>edist\u00e4mist\u00e4 palvelevaan tarkoitukseen.<br><br><br><\/p>\n\n\n\n<p><\/p>\n","protected":false},"excerpt":{"rendered":"<p>1 \u00a7Yhdistyksen nimi on Turvallisuustieteellinen yhdistys ry ja kotipaikka Turku. Yhdistyksen kielen\u00e4 on suomi. 2 \u00a7Yhdistyksen tarkoituksena on tukea ja edist\u00e4\u00e4 turvallisuustieteellist\u00e4 tutkimusta Suomessa,v\u00e4litt\u00e4\u00e4 turvallisuutta koskevaa tietoa j\u00e4senille ja yleis\u00f6lle sek\u00e4 toimia turvallisuustutkimuksesta kiinnostuneiden henkil\u00f6iden yhdyssiteen\u00e4. Turvallisuustiede on tieteenhaara, joka tieteellisin menetelmin tutkii ja analysoiyhteiskunnan kehitykseen vaikuttavia sis\u00e4isi\u00e4 ja ulkoisia kriisej\u00e4 sek\u00e4 h\u00e4iri\u00f6tekij\u00f6it\u00e4. 3 \u00a7Tarkoituksensa [&hellip;]<\/p>\n","protected":false},"author":1,"featured_media":0,"parent":0,"menu_order":0,"comment_status":"closed","ping_status":"closed","template":"","meta":{"footnotes":""},"class_list":["post-111","page","type-page","status-publish","hentry"],"_links":{"self":[{"href":"https:\/\/turvallisuustieteellinenyhdistys.fi\/index.php\/wp-json\/wp\/v2\/pages\/111","targetHints":{"allow":["GET"]}}],"collection":[{"href":"https:\/\/turvallisuustieteellinenyhdistys.fi\/index.php\/wp-json\/wp\/v2\/pages"}],"about":[{"href":"https:\/\/turvallisuustieteellinenyhdistys.fi\/index.php\/wp-json\/wp\/v2\/types\/page"}],"author":[{"embeddable":true,"href":"https:\/\/turvallisuustieteellinenyhdistys.fi\/index.php\/wp-json\/wp\/v2\/users\/1"}],"replies":[{"embeddable":true,"href":"https:\/\/turvallisuustieteellinenyhdistys.fi\/index.php\/wp-json\/wp\/v2\/comments?post=111"}],"version-history":[{"count":3,"href":"https:\/\/turvallisuustieteellinenyhdistys.fi\/index.php\/wp-json\/wp\/v2\/pages\/111\/revisions"}],"predecessor-version":[{"id":167,"href":"https:\/\/turvallisuustieteellinenyhdistys.fi\/index.php\/wp-json\/wp\/v2\/pages\/111\/revisions\/167"}],"wp:attachment":[{"href":"https:\/\/turvallisuustieteellinenyhdistys.fi\/index.php\/wp-json\/wp\/v2\/media?parent=111"}],"curies":[{"name":"wp","href":"https:\/\/api.w.org\/{rel}","templated":true}]}}