{"id":10,"date":"2021-05-19T17:11:51","date_gmt":"2021-05-19T17:11:51","guid":{"rendered":"https:\/\/turvallisuustieteellinenyhdistys.fi\/?page_id=10"},"modified":"2025-01-29T11:44:50","modified_gmt":"2025-01-29T09:44:50","slug":"tervetuloa-yhdistyksen-kotisivuille","status":"publish","type":"page","link":"https:\/\/turvallisuustieteellinenyhdistys.fi\/","title":{"rendered":"Turvallisuustieteellinen yhdistys ry"},"content":{"rendered":"\n<p>Yhdistyksen tarkoituksena on tukea ja edist\u00e4\u00e4 turvallisuustieteellist\u00e4 tutkimusta Suomessa, v\u00e4litt\u00e4\u00e4 turvallisuutta koskevaa tietoa j\u00e4senille ja yleis\u00f6lle sek\u00e4 toimia turvallisuustutkimuksesta kiinnostuneiden henkil\u00f6iden yhdyssiteen\u00e4.<\/p>\n\n\n\n<p>Turvallisuustiede tutkii ja analysoi tieteellisin menetelmin yhteiskunnan kehitykseen vaikuttavia sis\u00e4isi\u00e4 ja ulkoisia kriisej\u00e4 ja h\u00e4iri\u00f6tekij\u00f6it\u00e4.<\/p>\n\n\n\n<p>Tarkoituksensa toteuttamiseksi yhdistys harjoittaa alaan liittyv\u00e4\u00e4 julkaisutoimintaa sek\u00e4 j\u00e4rjest\u00e4\u00e4 luento- ja esitelm\u00e4tilaisuuksia. Yhdistys pit\u00e4\u00e4 yhteyksi\u00e4 sek\u00e4 alan kotimaisiin ett\u00e4 kansainv\u00e4lisiin j\u00e4rjest\u00f6ihin ja tutkimusyksik\u00f6ihin.<\/p>\n\n\n\n<p>Yhdistyksen kotipaikka on Turku.<\/p>\n\n\n\n<p>Yhteyshenkil\u00f6 on puheenjohtaja Eero Joutsikoski, eero.joutsikoski@kolumbus.fi <\/p>\n\n\n\n<p><\/p>\n","protected":false},"excerpt":{"rendered":"<p>Yhdistyksen tarkoituksena on tukea ja edist\u00e4\u00e4 turvallisuustieteellist\u00e4 tutkimusta Suomessa, v\u00e4litt\u00e4\u00e4 turvallisuutta koskevaa tietoa j\u00e4senille ja yleis\u00f6lle sek\u00e4 toimia turvallisuustutkimuksesta kiinnostuneiden henkil\u00f6iden yhdyssiteen\u00e4. Turvallisuustiede tutkii ja analysoi tieteellisin menetelmin yhteiskunnan kehitykseen vaikuttavia sis\u00e4isi\u00e4 ja ulkoisia kriisej\u00e4 ja h\u00e4iri\u00f6tekij\u00f6it\u00e4. Tarkoituksensa toteuttamiseksi yhdistys harjoittaa alaan liittyv\u00e4\u00e4 julkaisutoimintaa sek\u00e4 j\u00e4rjest\u00e4\u00e4 luento- ja esitelm\u00e4tilaisuuksia. Yhdistys pit\u00e4\u00e4 yhteyksi\u00e4 sek\u00e4 alan kotimaisiin [&hellip;]<\/p>\n","protected":false},"author":1,"featured_media":0,"parent":0,"menu_order":0,"comment_status":"closed","ping_status":"closed","template":"","meta":{"footnotes":""},"class_list":["post-10","page","type-page","status-publish","hentry"],"_links":{"self":[{"href":"https:\/\/turvallisuustieteellinenyhdistys.fi\/index.php\/wp-json\/wp\/v2\/pages\/10","targetHints":{"allow":["GET"]}}],"collection":[{"href":"https:\/\/turvallisuustieteellinenyhdistys.fi\/index.php\/wp-json\/wp\/v2\/pages"}],"about":[{"href":"https:\/\/turvallisuustieteellinenyhdistys.fi\/index.php\/wp-json\/wp\/v2\/types\/page"}],"author":[{"embeddable":true,"href":"https:\/\/turvallisuustieteellinenyhdistys.fi\/index.php\/wp-json\/wp\/v2\/users\/1"}],"replies":[{"embeddable":true,"href":"https:\/\/turvallisuustieteellinenyhdistys.fi\/index.php\/wp-json\/wp\/v2\/comments?post=10"}],"version-history":[{"count":8,"href":"https:\/\/turvallisuustieteellinenyhdistys.fi\/index.php\/wp-json\/wp\/v2\/pages\/10\/revisions"}],"predecessor-version":[{"id":229,"href":"https:\/\/turvallisuustieteellinenyhdistys.fi\/index.php\/wp-json\/wp\/v2\/pages\/10\/revisions\/229"}],"wp:attachment":[{"href":"https:\/\/turvallisuustieteellinenyhdistys.fi\/index.php\/wp-json\/wp\/v2\/media?parent=10"}],"curies":[{"name":"wp","href":"https:\/\/api.w.org\/{rel}","templated":true}]}}